{"id":1132,"date":"2025-07-06T02:43:50","date_gmt":"2025-07-06T02:43:50","guid":{"rendered":"https:\/\/pvcjumprope.com\/?post_type=product&#038;p=1132"},"modified":"2025-10-08T13:55:09","modified_gmt":"2025-10-08T13:55:09","slug":"pvc-plastic-jump-rope","status":"publish","type":"product","link":"https:\/\/pvcjumprope.com\/tr\/product\/pvc-plastic-jump-rope","title":{"rendered":"Fitness ve Antrenman i\u00e7in Dayan\u0131kl\u0131 Ayarlanabilir PVC Plastik Atlama \u0130pi"},"content":{"rendered":"<h2>\u00dcr\u00fcn Genel Bak\u0131\u015f PVC Plastik Atlama \u0130pi<\/h2>\n<p>The <strong>PVCJumpRope.com PVC plastik atlama ipi<\/strong> her seviyeden kullan\u0131c\u0131 i\u00e7in tasarlanm\u0131\u015f g\u00fcvenilir ve \u00e7ok y\u00f6nl\u00fc bir fitness arac\u0131d\u0131r. Hafif ama dayan\u0131kl\u0131 PVC kablodan \u00fcretilmi\u015f bu atlama ipi, <strong>p\u00fcr\u00fczs\u00fcz, dola\u015fmaz performans sa\u011flar<\/strong> d\u00fczenli kardiyo antrenmanlar\u0131, e\u011fitim seanslar\u0131 ve kilo verme rutinlerine dayan\u0131kl\u0131d\u0131r. \u0130ster yeni ba\u015flayan olun ister deneyimli bir sporcu, PVCJumpRope.com atlama ipi h\u0131z\u0131n\u0131za ve tarz\u0131n\u0131za kolayca uyum sa\u011flar.<\/p>\n<p>Uygun <strong>\u00e7eviklik, koordinasyon ve dayan\u0131kl\u0131l\u0131\u011f\u0131 art\u0131rmak i\u00e7in<\/strong>, bu plastik atlama ipi i\u00e7 ve d\u0131\u015f mekan egzersizleri i\u00e7in m\u00fckemmel bir arkada\u015f olur. Dengeli tasar\u0131m\u0131 h\u0131zl\u0131, kesintisiz d\u00f6n\u00fc\u015fleri te\u015fvik eder, yo\u011fun h\u0131z ve aral\u0131k antrenmanlar\u0131n\u0131 g\u00fcvenle yapman\u0131za yard\u0131mc\u0131 olur.<\/p>\n<p>Dayan\u0131kl\u0131 olacak \u015fekilde tasarlanm\u0131\u015f olan PVCJumpRope.com PVC atlama ipi, <strong>dayan\u0131kl\u0131l\u0131k ile ta\u015f\u0131nabilirli\u011fi birle\u015ftirir<\/strong>, ev spor salonlar\u0131, seyahat veya spor salonu ta\u015f\u0131malar\u0131 i\u00e7in uygun olup ek hacim yaratmaz. Bu atlama ipi, en etkili kardiyo egzersizlerinden biriyle fitness seviyenizi geli\u015ftirmeye ciddi olanlar i\u00e7in g\u00fcvenilir ve uygun fiyatl\u0131 bir \u00e7\u00f6z\u00fcm sunar.<\/p>\n<h2>PVC Plastik Atlama \u0130pinin Temel \u00d6zellikleri ve Faydalar\u0131<\/h2>\n<p>Bizim <strong>PVCJumpRope.com PVC ip atlama ipi<\/strong> her seviyedeki fitness tutkununun ihtiya\u00e7lar\u0131n\u0131 kar\u015f\u0131lamak \u00fczere tasarlanm\u0131\u015ft\u0131r, ister yeni ba\u015flayan olun ister profesyonel. \u0130\u015fte bu <strong>plastik atlama ipi<\/strong> fark yaratan \u00f6zellikleri:<\/p>\n<h3>Y\u00fcksek Kaliteli PVC Kordon<\/h3>\n<ul>\n<li>Made from <strong>g\u00fc\u00e7l\u00fc, a\u015f\u0131nmaya dayan\u0131kl\u0131 PVC kablo<\/strong>, bu ip dayanacak \u015fekilde tasarlanm\u0131\u015ft\u0131r.<\/li>\n<li>Malzeme <strong>dola\u015fmadan<\/strong>, b\u00f6ylece d\u00fc\u011f\u00fcmleri \u00e7\u00f6zmeye zaman harcamadan antrenman\u0131n\u0131za odaklanabilirsiniz.<\/li>\n<\/ul>\n<h3>Ayarlanabilir Uzunluk<\/h3>\n<ul>\n<li>\u0130p uzunlu\u011fu <strong>kolayca ayarlanabilir<\/strong>, herhangi bir boyuta veya antrenman tarz\u0131na m\u00fckemmel uyum sa\u011flar.<\/li>\n<li>\u0130ster kardiyo, h\u0131z antrenman\u0131 veya \u00e7eviklik \u00e7al\u0131\u015fmas\u0131 yap\u0131yor olun, konfor ve verimlilik i\u00e7in \u00f6zelle\u015ftirebilirsiniz.<\/li>\n<\/ul>\n<h3>Ergonomik Tutacaklar<\/h3>\n<ul>\n<li>tasarlanm\u0131\u015ft\u0131r <strong>kaymaz tutu\u015flar<\/strong> uzun seanslar s\u0131ras\u0131nda rahat tutu\u015f i\u00e7in.<\/li>\n<li>Tutacaklar, el yorgunlu\u011funu azaltacak \u015fekilde \u015fekillendirilmi\u015f olup, uzun antrenmanlar\u0131 daha kolay hale getirir.<\/li>\n<\/ul>\n<h3>D\u00fczg\u00fcn D\u00f6nd\u00fcrme Rulmanlar\u0131<\/h3>\n<ul>\n<li>Y\u00fcksek hassasiyetli <strong>y\u00fcksek kaliteli rulmanlar<\/strong> h\u0131zl\u0131, p\u00fcr\u00fczs\u00fcz ve kesintisiz d\u00f6n\u00fc\u015f sa\u011flar.<\/li>\n<li>\u0130\u00e7in ideal <strong>PVC h\u0131z atlama ipi<\/strong> kullan\u0131m\u0131 kolayd\u0131r, h\u0131zl\u0131 ve tutarl\u0131 bir ritim koruman\u0131za yard\u0131mc\u0131 olur.<\/li>\n<\/ul>\n<h3>Hafif ve Ta\u015f\u0131nabilir<\/h3>\n<ul>\n<li>Bu <strong>hafif atlama ipi<\/strong> hem evde antrenmanlar hem de seyahatler i\u00e7in kolayca ta\u015f\u0131nabilir.<\/li>\n<li>Spor salonuna, parka g\u00f6t\u00fcrmek veya k\u00fc\u00e7\u00fck kapal\u0131 alanlarda kullanmak i\u00e7in m\u00fckemmeldir.<\/li>\n<\/ul>\n<h3>Uygun fiyatl\u0131 ve Dayan\u0131kl\u0131<\/h3>\n<ul>\n<li>M\u00fckemmel sonu\u00e7lar elde edersiniz <strong>de\u011fer ve fiyat<\/strong> d\u00fczenli kullan\u0131ma dayanacak \u015fekilde \u00fcretilmi\u015f dayan\u0131kl\u0131 bir iple.<\/li>\n<li>G\u00fcvenilir bir \u00fcr\u00fcn isteyenler i\u00e7in kalite ve fiyat\u0131 bir araya getirir <strong>PVC egzersiz ipi<\/strong> b\u00fct\u00e7enizi a\u015fmadan.<\/li>\n<\/ul>\n<p>PVCJumpRope.com PVC atlama ipi, dayan\u0131kl\u0131l\u0131k, konfor ve performans ile temel atlama ipi ihtiya\u00e7lar\u0131n\u0131z\u0131 kar\u015f\u0131lar ve T\u00fcrkiye genelindeki fitness tutkunlar\u0131 i\u00e7in en iyi se\u00e7imdir.<\/p>\n<h2>\u00dcr\u00fcn \u00d6zellikleri PVC Plastik Atlama \u0130pi<\/h2>\n<h3>Dayan\u0131kl\u0131 Y\u00fcksek Kaliteli Malzemeler<\/h3>\n<p>PVCJumpRope.com PVC plastik atlama ipi, <strong>g\u00fc\u00e7l\u00fc, dola\u015fmayan PVC kabloya<\/strong> sahiptir ve a\u015f\u0131nma direnci ve uzun \u00f6m\u00fcrl\u00fc performans\u0131yla bilinir. Yan\u0131nda <strong>birinci s\u0131n\u0131f ergonomik saplar<\/strong>ile bu atlama ipi, her kullan\u0131mda konfor ve dayan\u0131kl\u0131l\u0131k sa\u011flar.<\/p>\n<h3>T\u00fcm Kullan\u0131c\u0131lar \u0130\u00e7in Ayarlanabilir Uzunluk<\/h3>\n<p>Bu <strong>Ayarlanabilir PVC ip<\/strong> \u00e7ocuklardan yeti\u015fkinlere kadar kullan\u0131c\u0131lara uyacak \u015fekilde kolayca \u00f6zelle\u015ftirilebilir. Uzunluk, <strong>2,4 metreden 3 metreye kadar<\/strong>yumu\u015fak bir \u015fekilde ayarlanabilir, bu da onu \u00e7e\u015fitli boylar ve egzersiz stilleri i\u00e7in \u00e7ok y\u00f6nl\u00fc hale getirir.<\/p>\n<h3>Hafif ve Dengeli A\u011f\u0131rl\u0131k<\/h3>\n<p>Yakla\u015f\u0131k <strong>150 gram (5.3 ons) a\u011f\u0131rl\u0131\u011f\u0131nda<\/strong>, bu <strong>hafif atlama ipi<\/strong> H\u0131zl\u0131, kontroll\u00fc sallanmalar sa\u011flar ve h\u0131z antrenman\u0131 ile g\u00fcnl\u00fck fitness i\u00e7in m\u00fckemmeldir.<\/p>\n<h3>Birden \u00c7ok Renk Mevcut<\/h3>\n<p>Stilinize uygun \u00e7e\u015fitli canl\u0131 renkler aras\u0131ndan se\u00e7im yap\u0131n:<\/p>\n<ul>\n<li>Klasik Siyah<\/li>\n<li>Parlak K\u0131rm\u0131z\u0131<\/li>\n<li>Elektrik Mavisi<\/li>\n<li>Neon Ye\u015fili<\/li>\n<li>\u015e\u0131k Gri<\/li>\n<\/ul>\n<h3>Kolayl\u0131k i\u00e7in Paketleme<\/h3>\n<p>Her PVC h\u0131z atlama ipi \u015funlarla gelir <strong>sa\u011flam bir \u015fekilde, geri d\u00f6n\u00fc\u015ft\u00fcr\u00fclebilir bir kutuda paketlenmi\u015f<\/strong>, depolamay\u0131 kolayla\u015ft\u0131r\u0131r ve g\u00f6nderim i\u00e7in idealdir. Paketleme, hemen ba\u015flaman\u0131za yard\u0131mc\u0131 olacak basit bir kullan\u0131c\u0131 k\u0131lavuzu i\u00e7erir.<\/p>\n<p>Bu detayl\u0131 teknik \u00f6zellikler d\u00f6k\u00fcm\u00fc, PVCJumpRope.com PVC atlama ipi'nin dayan\u0131kl\u0131, ayarlanabilir ve g\u00fcvenilir plastik atlama ipi arayan fitness tutkunlar\u0131 i\u00e7in neden m\u00fckemmel bir se\u00e7im oldu\u011funu vurgular.<\/p>\n<h2>PVC Plastik Atlama \u0130pi Nas\u0131l Kullan\u0131l\u0131r<\/h2>\n<h3>\u0130pin Uzunlu\u011funu Ayarlama<\/h3>\n<p>En iyi verimi almak i\u00e7in <strong>PVC atlama ipi<\/strong>, boyunuza ve antrenman tarz\u0131n\u0131za uygun olacak \u015fekilde uzunlu\u011fu ayarlayarak ba\u015flay\u0131n:<\/p>\n<ul>\n<li><strong>\u0130pin ortas\u0131nda bir aya\u011f\u0131n\u0131zla durun<\/strong>.<\/li>\n<li>Kollar\u0131n\u0131z\u0131n yanlar\u0131ndan tutarak\u2014genellikle, tutacaklar koltuk altlar\u0131n\u0131za ula\u015fmal\u0131, genel kullan\u0131m i\u00e7in idealdir.<\/li>\n<li>H\u0131z veya \u00e7eviklik antrenman\u0131 i\u00e7in daha k\u0131sa gerekiyorsa, ona g\u00f6re ayarlay\u0131n.<\/li>\n<li>\u00c7o\u011fu <strong>ayarlanabilir PVC ipler<\/strong> Kollar\u0131n i\u00e7inde basit bir kilitleme mekanizmas\u0131 veya vidalar bulunur\u2014s\u0131k\u0131n, gerekirse fazla kabloyu kesin, sonra tekrar s\u0131k\u0131ca sabitleyin.<\/li>\n<\/ul>\n<h3>Ba\u015flang\u0131\u00e7 \u0130\u00e7in \u0130pu\u00e7lar\u0131<\/h3>\n<p>Atlama ipi yolculu\u011funuza yeni ba\u015fl\u0131yorsan\u0131z:<\/p>\n<ul>\n<li><strong>Yava\u015f, istikrarl\u0131 atlamalarla ba\u015flay\u0131n<\/strong> Ritim olu\u015fturmak i\u00e7in.<\/li>\n<li>\u0130lk ba\u015fta daha kolay ge\u00e7i\u015f i\u00e7in ipin tamam\u0131n\u0131 kullan\u0131n.<\/li>\n<li>Daha uzun s\u00fcreye ge\u00e7meden \u00f6nce k\u0131sa seanslar (5 ila 10 dakika) yap\u0131n.<\/li>\n<li>Yaralanmay\u0131 \u00f6nlemek i\u00e7in d\u00fcz bir y\u00fczeyde iyi yast\u0131klamal\u0131 destekleyici ayakkab\u0131lar giyin.<\/li>\n<\/ul>\n<h3>\u0130leri D\u00fczey Atlama \u0130pu\u00e7lar\u0131<\/h3>\n<p>Meydan okumay\u0131 art\u0131rmaya haz\u0131r kullan\u0131c\u0131lar i\u00e7in:<\/p>\n<ul>\n<li>Daha h\u0131zl\u0131 d\u00f6n\u00fc\u015fler i\u00e7in ipi biraz k\u0131salt\u0131n, bu <strong>PVC h\u0131z atlama ipi<\/strong> antrenman sa\u011flar.<\/li>\n<li>\u00c7ift alt veya \u00e7apraz teknikleri gibi teknikleri kullan\u0131n, \u00e7eviklik ve koordinasyon i\u00e7in.<\/li>\n<li>Sorunsuz bilek hareketlerine odaklan\u0131n\u2014bizim <strong>p\u00fcr\u00fczs\u00fcz d\u00f6n\u00fc\u015f yataklar\u0131m\u0131z<\/strong> ipin kesintisiz d\u00f6nmesini sa\u011flar.<\/li>\n<li>Kardiyo ve dayan\u0131kl\u0131l\u0131k faydalar\u0131 i\u00e7in aral\u0131kl\u0131 antrenmanlar ekleyin.<\/li>\n<\/ul>\n<h3>\u00d6nerilen Kullan\u0131m Senaryolar\u0131<\/h3>\n<p>Bizim <strong>plastik atlama ipi<\/strong> \u00e7ok y\u00f6nl\u00fcd\u00fcr ve hem i\u00e7 hem de d\u0131\u015f mekan kullan\u0131m\u0131 i\u00e7in tasarlanm\u0131\u015ft\u0131r:<\/p>\n<ul>\n<li><strong>\u0130\u00e7 Mekan:<\/strong> Spor salonu zeminleri veya hal\u0131lar gibi kaymaz, d\u00fcz y\u00fczeylerde kullan\u0131n\u2014evde egzersizler i\u00e7in m\u00fckemmeldir.<\/li>\n<li><strong>D\u0131\u015f Mekan:<\/strong> Dayan\u0131kl\u0131 PVC kablo, beton veya asfalttan kaynaklanan a\u015f\u0131nmaya kar\u015f\u0131 dayan\u0131kl\u0131d\u0131r, park veya araba yolu seanslar\u0131 i\u00e7in harikad\u0131r.<\/li>\n<li>Ta\u015f\u0131nabilir ve hafif, seyahatte veya spor salonuna ta\u015f\u0131mak i\u00e7in idealdir.<\/li>\n<\/ul>\n<p>Bu ipu\u00e7lar\u0131n\u0131 izleyerek, en iyi performans\u0131 elde edeceksiniz. <strong>PVC egzersiz ipi<\/strong>ister kilo verme, kardiyo fitness veya \u00e7evikli\u011fi geli\u015ftirme hedefliyor olun.<\/p>\n<h2>Neden PVCJumpRope.com PVC Atlama \u0130pi'ni Se\u00e7melisiniz?<\/h2>\n<p>Bir konu s\u00f6z konusu oldu\u011funda <strong>PVC atlama ipi<\/strong> kalite ve performans sunan PVCJumpRope.com, g\u00fcvenilir bir <strong>\u00fcretici ve tedarik\u00e7i olarak \u00f6ne \u00e7\u0131k\u0131yor<\/strong>. T\u00fcrkiye genelindeki fitness merakl\u0131lar\u0131n\u0131n taleplerini kar\u015f\u0131layan dayan\u0131kl\u0131, hafif plastik atlama ipleri \u00fcretme konusunda y\u0131llar\u0131n deneyimini getiriyoruz.<\/p>\n<h3>\u00dcretici Uzmanl\u0131\u011f\u0131 ve Kalite Taahh\u00fcd\u00fc<\/h3>\n<p>PVCJumpRope.com \u015funlara odaklan\u0131r: <strong>y\u00fcksek kaliteli PVC kablo atlama ipleri<\/strong> t\u00fcm fitness seviyeleri i\u00e7in tasarlanm\u0131\u015ft\u0131r. Her ip, <strong>dola\u015fmayan, a\u015f\u0131nmaya dayan\u0131kl\u0131 ve uzun \u00f6m\u00fcrl\u00fc oldu\u011fundan emin olmak i\u00e7in s\u0131k\u0131 kalite kontrollerinden ge\u00e7er<\/strong>. Egzersiziniz s\u0131ras\u0131nda konforu garanti etmek i\u00e7in birinci s\u0131n\u0131f PVC ve ergonomik sap tasar\u0131mlar\u0131 kullan\u0131yoruz.<\/p>\n<h3>Rekabet\u00e7i Fiyatland\u0131rma ve Toplu Se\u00e7enekler<\/h3>\n<p>Fiyatland\u0131rmam\u0131z, <strong>kaliteden \u00f6d\u00fcn vermeden b\u00fcy\u00fck de\u011fer sunmak i\u00e7in tasarlanm\u0131\u015ft\u0131r<\/strong>. \u0130ster ki\u015fisel kullan\u0131m, ister spor salonu veya okul program\u0131 i\u00e7in sat\u0131n al\u0131yor olun, <strong>toplu sipari\u015fler<\/strong> indirimlerle. Bu, PVCJumpRope.com'u g\u00fcvenilir, uygun fiyatl\u0131 atlama ipleri arayan spor salonlar\u0131 ve antrenman gruplar\u0131 i\u00e7in tercih edilen se\u00e7enek haline getiriyor.<\/p>\n<h3>M\u00fc\u015fteri Yorumlar\u0131 ve Geri Bildirimler<\/h3>\n<p>T\u00fcrkiye genelindeki kullan\u0131c\u0131lar, <strong>p\u00fcr\u00fczs\u00fcz d\u00f6n\u00fc\u015f<\/strong> ve <strong>ayarlanabilir uzunluk<\/strong> PVCJumpRope.com PVC h\u0131z atlama ipinin. Bir al\u0131c\u0131 payla\u015ft\u0131, <em>\u201cKardiyo ve \u00e7eviklik egzersizleri i\u00e7in harika ip. Hafif ve ta\u015f\u0131mak kolay.\u201d<\/em> Bu geri bildirim, egzersiz yolculu\u011funuzu etkili \u015fekilde destekleyen bir \u00fcr\u00fcn sunma taahh\u00fcd\u00fcm\u00fcz\u00fc yans\u0131t\u0131yor.<\/p>\n<h3>Garanti ve \u0130ade Politikas\u0131<\/h3>\n<p>Biz destekliyoruz <strong>PVC egzersiz ipi<\/strong> sade bir garanti ile i\u00e7 huzuru sa\u011flamak i\u00e7in. Herhangi bir nedenle memnun kalmazsan\u0131z, PVCJumpRope.com sorunsuz bir iade politikas\u0131 sunar <strong>sorunsuz iade politikas\u0131<\/strong> sat\u0131n alma ve kullan\u0131m s\u00fcrecinde sorunsuz bir deneyim sa\u011flar. Memnuniyetiniz bizim \u00f6nceli\u011fimizdir.<\/p>\n<p>PVCJumpRope.com i\u00e7in tercih edin <strong>dayan\u0131kl\u0131 plastik ip<\/strong> e\u011fitim ihtiya\u00e7lar\u0131n\u0131z\u0131 kalite, uygun fiyat ve g\u00fcvenilir hizmetle tamamlayan.<\/p>\n<h2>PVCJumpRope.com PVC Plastik Atlama \u0130pi Hakk\u0131nda S\u0131k\u00e7a Sorulan Sorular<\/h2>\n<h3>PVC, Hassas Ciltler \u0130\u00e7in G\u00fcvenli mi<\/h3>\n<p>Evet, <strong>PVCJumpRope.com PVC ip atlama ipi<\/strong> y\u00fcksek kaliteli, toksik olmayan PVC plastik kullan\u0131r ve genellikle <strong>\u00e7o\u011fu cilt tipi i\u00e7in g\u00fcvenlidir<\/strong>, hassas ciltler dahil. \u0130pin p\u00fcr\u00fczs\u00fcz y\u00fczeyi tahri\u015fi en aza indirir. Ancak, a\u015f\u0131r\u0131 hassas cilde veya alerjilere sahipseniz, reaksiyon olup olmad\u0131\u011f\u0131n\u0131 g\u00f6rmek i\u00e7in k\u0131sa s\u00fcreli\u011fine k\u00fc\u00e7\u00fck bir alanda denemek iyi bir fikir olabilir.<\/p>\n<h3>\u0130pin Bak\u0131m\u0131 ve Temizli\u011fi Nas\u0131l Yap\u0131l\u0131r<\/h3>\n<p>Sizin <strong>PVC kablo atlama ipi<\/strong> iyi durumda tutmak basittir:<\/p>\n<ul>\n<li>Ter ve kiri temizlemek i\u00e7in antrenmanlardan sonra PVC ipi ve saplar\u0131 nemli bir bezle silin<\/li>\n<li>Malzemeye zarar verebilecek sert kimyasallar veya a\u015f\u0131nd\u0131r\u0131c\u0131 temizleyiciler kullanmaktan ka\u00e7\u0131n\u0131n<\/li>\n<li>Solmay\u0131 veya k\u0131r\u0131lganl\u0131\u011f\u0131 \u00f6nlemek i\u00e7in ipi kuru bir yerde, do\u011frudan g\u00fcne\u015f \u0131\u015f\u0131\u011f\u0131ndan uzakta gev\u015fek bir \u015fekilde sar\u0131l\u0131 olarak saklay\u0131n<\/li>\n<li>G\u00fcvenli\u011fi ve performans\u0131 sa\u011flamak i\u00e7in \u00f6zellikle ip ve sap ba\u011flant\u0131lar\u0131nda herhangi bir a\u015f\u0131nma belirtisi olup olmad\u0131\u011f\u0131n\u0131 d\u00fczenli olarak kontrol edin<\/li>\n<\/ul>\n<h3>Double Unders ve H\u0131z Antrenman\u0131 \u0130\u00e7in Kullan\u0131labilir mi<\/h3>\n<p>Kesinlikle. The <strong>hafif ve dola\u015fmayan PVC atlama ipi<\/strong> p\u00fcr\u00fczs\u00fcz d\u00f6n\u00fc\u015f yataklar\u0131 ile tasarlanm\u0131\u015ft\u0131r <strong>h\u0131z antrenman\u0131 ve double unders gibi ileri d\u00fczey egzersizler i\u00e7in<\/strong>. \u0130ster yeni ba\u015flay\u0131n, ister \u00e7evikli\u011finiz \u00fczerinde \u00e7al\u0131\u015f\u0131yor olun, sorunsuz d\u00f6nen plastik atlama ipi, kesintisiz h\u0131zl\u0131 ve tutarl\u0131 hareketler yapman\u0131za yard\u0131mc\u0131 olur.<\/p>\n<h3>Kargo ve Teslimat Bilgileri<\/h3>\n<p>Sunuyoruz <strong>T\u00fcrkiye genelinde h\u0131zl\u0131 ve g\u00fcvenilir kargo<\/strong>. \u00c7o\u011fu sipari\u015f 1-2 i\u015f g\u00fcn\u00fc i\u00e7inde i\u015flenir ve g\u00f6nderilir. Bulundu\u011funuz yere ba\u011fl\u0131 olarak, teslimat genellikle 3-7 i\u015f g\u00fcn\u00fc s\u00fcrer. Spor salonlar\u0131 veya okullar i\u00e7in toplu sipari\u015fler, ihtiya\u00e7lar\u0131n\u0131z\u0131 kar\u015f\u0131lamak \u00fczere koordine edilmi\u015f g\u00f6nderim programlar\u0131yla da d\u00fczenlenebilir. Sipari\u015finiz g\u00f6nderildikten sonra kolay takip i\u00e7in takip bilgileri sa\u011flan\u0131r.<\/p>\n<p><strong>Daha fazla bilgiye mi ihtiyac\u0131n\u0131z var?<\/strong> Bizimle istedi\u011finiz zaman ileti\u015fime ge\u00e7mekten \u00e7ekinmeyin \u2013 size en iyi PVC egzersiz ipiyle atlaman\u0131z i\u00e7in yard\u0131m etmek i\u00e7in buraday\u0131z.<\/p>\n<h2>PVCJumpRope.com PVC Plastik Atlama \u0130pinizi Sipari\u015f Edin ve Fitness Yolculu\u011funuza H\u0131zla Ba\u015flay\u0131n<\/h2>\n<p>Antrenmanlar\u0131n\u0131z\u0131 bir sonraki seviyeye ta\u015f\u0131maya haz\u0131r m\u0131s\u0131n\u0131z? <strong>PVCJumpRope.com PVC plastik atlama ipi sipari\u015finizi bug\u00fcn verin<\/strong> ve dayan\u0131kl\u0131l\u0131k, hafif tasar\u0131m ve p\u00fcr\u00fczs\u00fcz performans\u0131n m\u00fckemmel birle\u015fimini deneyimleyin. Kardiyo, kilo verme veya \u00e7eviklik geli\u015ftirme odakl\u0131 olsan\u0131z da, bu PVC atlama ipi t\u00fcm fitness seviyeleri ve rutinleri i\u00e7in uygundur.<\/p>\n<h3>Sat\u0131n Alma Se\u00e7enekleri ve Toplu \u0130ndirimler<\/h3>\n<ul>\n<li><strong>Esnek sat\u0131n alma se\u00e7enekleri<\/strong> ihtiya\u00e7lar\u0131n\u0131za uygun \u2014 tekli veya toplu sipari\u015fler i\u00e7in mevcut.<\/li>\n<li>Spor salonlar\u0131, okullar ve fitness kul\u00fcpleri i\u00e7in \u00f6zel fiyatlar mevcuttur.<\/li>\n<li><strong>OEM\/ODM hizmetleri<\/strong> PVC h\u0131z atlama iplerini \u00f6zelle\u015ftirmek isteyen i\u015fletmeler i\u00e7in.<\/li>\n<\/ul>\n<h3>\u0130leti\u015fim ve Destek<\/h3>\n<p>Sorular\u0131n\u0131z m\u0131 var veya toplu sipari\u015f vermek mi istiyorsunuz? Her zaman bizimle ileti\u015fime ge\u00e7in. PVCJumpRope.com, y\u00fcksek kaliteli plastik atlama ipleri \u00fcreticisi ve tedarik\u00e7isi olarak, fitness hedeflerinize destek olmak i\u00e7in burada.<\/p>\n<ul>\n<li>Detayl\u0131 \u00fcr\u00fcn bilgisi ve g\u00fcvenli \u00f6deme i\u00e7in web sitemizi ziyaret edin.<\/li>\n<li>Ki\u015fiselle\u015ftirilmi\u015f hizmet ve toplu indirim talepleri i\u00e7in bizi aray\u0131n veya e-posta g\u00f6nderin.<\/li>\n<\/ul>\n<p><strong>Antrenman ekipman\u0131n\u0131z\u0131 y\u00fckseltmek i\u00e7in beklemeyin. PVCJumpRope.com PVC egzersiz ipinizi \u015fimdi al\u0131n ve her yerde uzun \u00f6m\u00fcrl\u00fc, dola\u015fmaz atlama keyfini \u00e7\u0131kar\u0131n!<\/strong><\/p>","protected":false},"excerpt":{"rendered":"<p>Ayarlanabilir uzunluk, ergonomik tutacaklar ve p\u00fcr\u00fczs\u00fcz d\u00f6n\u00fc\u015f ile dayan\u0131kl\u0131 PVC plastik atlama ipi, fitness, antrenman ve kardiyo \u00e7al\u0131\u015fmalar\u0131na uygun.<\/p>","protected":false},"featured_media":1133,"comment_status":"open","ping_status":"closed","template":"","meta":{"site-sidebar-layout":"default","site-content-layout":"","ast-site-content-layout":"default","site-content-style":"default","site-sidebar-style":"default","ast-global-header-display":"","ast-banner-title-visibility":"","ast-main-header-display":"","ast-hfb-above-header-display":"","ast-hfb-below-header-display":"","ast-hfb-mobile-header-display":"","site-post-title":"","ast-breadcrumbs-content":"","ast-featured-img":"","footer-sml-layout":"","theme-transparent-header-meta":"default","adv-header-id-meta":"","stick-header-meta":"","header-above-stick-meta":"","header-main-stick-meta":"","header-below-stick-meta":"","astra-migrate-meta-layouts":"set","ast-page-background-enabled":"default","ast-page-background-meta":{"desktop":{"background-color":"var(--ast-global-color-5)","background-image":"","background-repeat":"repeat","background-position":"center center","background-size":"auto","background-attachment":"scroll","background-type":"","background-media":"","overlay-type":"","overlay-color":"","overlay-opacity":"","overlay-gradient":""},"tablet":{"background-color":"","background-image":"","background-repeat":"repeat","background-position":"center center","background-size":"auto","background-attachment":"scroll","background-type":"","background-media":"","overlay-type":"","overlay-color":"","overlay-opacity":"","overlay-gradient":""},"mobile":{"background-color":"","background-image":"","background-repeat":"repeat","background-position":"center center","background-size":"auto","background-attachment":"scroll","background-type":"","background-media":"","overlay-type":"","overlay-color":"","overlay-opacity":"","overlay-gradient":""}},"ast-content-background-meta":{"desktop":{"background-color":"var(--ast-global-color-4)","background-image":"","background-repeat":"repeat","background-position":"center center","background-size":"auto","background-attachment":"scroll","background-type":"","background-media":"","overlay-type":"","overlay-color":"","overlay-opacity":"","overlay-gradient":""},"tablet":{"background-color":"var(--ast-global-color-4)","background-image":"","background-repeat":"repeat","background-position":"center center","background-size":"auto","background-attachment":"scroll","background-type":"","background-media":"","overlay-type":"","overlay-color":"","overlay-opacity":"","overlay-gradient":""},"mobile":{"background-color":"var(--ast-global-color-4)","background-image":"","background-repeat":"repeat","background-position":"center center","background-size":"auto","background-attachment":"scroll","background-type":"","background-media":"","overlay-type":"","overlay-color":"","overlay-opacity":"","overlay-gradient":""}}},"product_brand":[],"product_cat":[24],"product_tag":[26],"class_list":{"0":"post-1132","1":"product","2":"type-product","3":"status-publish","4":"has-post-thumbnail","6":"product_cat-pvc-jump-rope","7":"product_tag-adjustable-pvc-jump-rope","8":"desktop-align-left","9":"tablet-align-left","10":"mobile-align-left","12":"first","13":"instock","14":"shipping-taxable","15":"purchasable","16":"product-type-simple"},"_links":{"self":[{"href":"https:\/\/pvcjumprope.com\/tr\/wp-json\/wp\/v2\/product\/1132","targetHints":{"allow":["GET"]}}],"collection":[{"href":"https:\/\/pvcjumprope.com\/tr\/wp-json\/wp\/v2\/product"}],"about":[{"href":"https:\/\/pvcjumprope.com\/tr\/wp-json\/wp\/v2\/types\/product"}],"replies":[{"embeddable":true,"href":"https:\/\/pvcjumprope.com\/tr\/wp-json\/wp\/v2\/comments?post=1132"}],"wp:featuredmedia":[{"embeddable":true,"href":"https:\/\/pvcjumprope.com\/tr\/wp-json\/wp\/v2\/media\/1133"}],"wp:attachment":[{"href":"https:\/\/pvcjumprope.com\/tr\/wp-json\/wp\/v2\/media?parent=1132"}],"wp:term":[{"taxonomy":"product_brand","embeddable":true,"href":"https:\/\/pvcjumprope.com\/tr\/wp-json\/wp\/v2\/product_brand?post=1132"},{"taxonomy":"product_cat","embeddable":true,"href":"https:\/\/pvcjumprope.com\/tr\/wp-json\/wp\/v2\/product_cat?post=1132"},{"taxonomy":"product_tag","embeddable":true,"href":"https:\/\/pvcjumprope.com\/tr\/wp-json\/wp\/v2\/product_tag?post=1132"}],"curies":[{"name":"wp","href":"https:\/\/api.w.org\/{rel}","templated":true}]}}