{"id":1132,"date":"2025-07-06T02:43:50","date_gmt":"2025-07-06T02:43:50","guid":{"rendered":"https:\/\/pvcjumprope.com\/?post_type=product&#038;p=1132"},"modified":"2025-10-08T13:55:09","modified_gmt":"2025-10-08T13:55:09","slug":"pvc-plastic-jump-rope","status":"publish","type":"product","link":"https:\/\/pvcjumprope.com\/fr\/product\/pvc-plastic-jump-rope","title":{"rendered":"Corde \u00e0 sauter en PVC durable et r\u00e9glable pour la remise en forme et l'entra\u00eenement"},"content":{"rendered":"<h2>Aper\u00e7u du produit Corde \u00e0 sauter en PVC<\/h2>\n<p>Le <strong>PVCJumpRope.com Corde \u00e0 sauter en plastique PVC<\/strong> est un outil de fitness fiable et polyvalent con\u00e7u pour les utilisateurs de tous niveaux. Fabriqu\u00e9e \u00e0 partir d\u2019un c\u00e2ble en PVC l\u00e9ger mais durable, cette corde \u00e0 sauter offre <strong>une performance fluide et sans enchev\u00eatrement<\/strong> qui r\u00e9siste aux entra\u00eenements cardio r\u00e9guliers, aux s\u00e9ances d'entra\u00eenement et aux routines de perte de poids. Que vous soyez d\u00e9butant ou athl\u00e8te exp\u00e9riment\u00e9, la corde \u00e0 sauter PVCJumpRope.com s\u2019adapte facilement \u00e0 votre rythme et \u00e0 votre style.<\/p>\n<p>Id\u00e9al pour am\u00e9liorer <strong>l\u2019agilit\u00e9, la coordination et l\u2019endurance<\/strong>, cette corde \u00e0 sauter en plastique constitue un compagnon parfait pour l\u2019exercice en int\u00e9rieur et en ext\u00e9rieur. Son design \u00e9quilibr\u00e9 favorise une rotation rapide et continue, vous aidant \u00e0 d\u00e9passer les entra\u00eenements intensifs de vitesse et d\u2019intervalles en toute confiance.<\/p>\n<p>Con\u00e7ue pour durer, la corde \u00e0 sauter en PVC PVCJumpRope.com allie <strong>durabilit\u00e9 et portabilit\u00e9<\/strong>, la rendant adapt\u00e9e aux gyms \u00e0 domicile, aux voyages ou aux sacs de sport sans encombrement suppl\u00e9mentaire. Cette corde \u00e0 sauter offre une solution fiable et abordable pour tous ceux qui souhaitent am\u00e9liorer leur condition physique gr\u00e2ce \u00e0 l\u2019un des exercices cardiovasculaires les plus efficaces.<\/p>\n<h2>Principales caract\u00e9ristiques et avantages de la corde \u00e0 sauter en plastique PVC<\/h2>\n<p>Notre <strong>PVCJumpRope.com corde \u00e0 sauter en PVC<\/strong> est con\u00e7ue pour r\u00e9pondre aux besoins de chaque passionn\u00e9 de fitness, qu\u2019il soit d\u00e9butant ou professionnel. Voici ce qui distingue cette <strong>corde \u00e0 sauter en plastique<\/strong> :<\/p>\n<h3>C\u00e2ble en PVC de haute qualit\u00e9<\/h3>\n<ul>\n<li>Fabriqu\u00e9 \u00e0 partir de <strong>c\u00e2ble en PVC solide et r\u00e9sistant \u00e0 l\u2019usure<\/strong>, cette corde est con\u00e7ue pour durer.<\/li>\n<li>Le mat\u00e9riau est <strong>sans enchev\u00eatrement<\/strong>, pour que vous puissiez vous concentrer sur votre entra\u00eenement plut\u00f4t que sur le d\u00e9nouement des n\u0153uds.<\/li>\n<\/ul>\n<h3>Longueur r\u00e9glable<\/h3>\n<ul>\n<li>La longueur de la corde est <strong>facile \u00e0 ajuster<\/strong>, s'adaptant parfaitement \u00e0 toutes les tailles ou styles d'entra\u00eenement.<\/li>\n<li>Que vous fassiez du cardio, de l'entra\u00eenement de vitesse ou des exercices d'agilit\u00e9, vous pouvez la personnaliser pour plus de confort et d'efficacit\u00e9.<\/li>\n<\/ul>\n<h3>Poign\u00e9es ergonomiques<\/h3>\n<ul>\n<li>Con\u00e7ues avec <strong>des grips antid\u00e9rapants<\/strong> pour une prise en main confortable lors de longues sessions.<\/li>\n<li>Les poign\u00e9es sont fa\u00e7onn\u00e9es pour r\u00e9duire la fatigue des mains, rendant les entra\u00eenements prolong\u00e9s plus faciles.<\/li>\n<\/ul>\n<h3>Roulements \u00e0 rotation fluide<\/h3>\n<ul>\n<li>\u00c9quip\u00e9 de <strong>des roulements de haute qualit\u00e9<\/strong> qui permettent une rotation rapide, fluide et sans interruption.<\/li>\n<li>Id\u00e9al pour <strong>Corde \u00e0 sauter en PVC<\/strong> pour l'utilisation, vous aidant \u00e0 maintenir un rythme rapide et constant.<\/li>\n<\/ul>\n<h3>L\u00e9ger et portable<\/h3>\n<ul>\n<li>Ceci <strong>corde \u00e0 sauter l\u00e9g\u00e8re<\/strong> facile \u00e0 transporter aussi bien pour les entra\u00eenements \u00e0 domicile que pour les d\u00e9placements.<\/li>\n<li>Parfait pour aller \u00e0 la salle de sport, au parc ou pour une utilisation dans de petits espaces int\u00e9rieurs.<\/li>\n<\/ul>\n<h3>Abordable et durable<\/h3>\n<ul>\n<li>Vous b\u00e9n\u00e9ficiez d'une excellente <strong>rapport qualit\u00e9-prix<\/strong> avec une corde durable con\u00e7ue pour r\u00e9sister \u00e0 une utilisation r\u00e9guli\u00e8re.<\/li>\n<li>Combine qualit\u00e9 et prix pour ceux qui veulent une <strong>corde \u00e0 sauter en PVC<\/strong> sans se ruiner.<\/li>\n<\/ul>\n<p>Le corde \u00e0 sauter en PVC de PVCJumpRope.com couvre tous vos besoins de base en corde \u00e0 sauter avec durabilit\u00e9, confort et performance, ce qui en fait un choix privil\u00e9gi\u00e9 pour les amateurs de fitness \u00e0 travers la France.<\/p>\n<h2>Sp\u00e9cifications du produit Corde \u00e0 sauter en plastique PVC<\/h2>\n<h3>Mat\u00e9riaux durables de haute qualit\u00e9<\/h3>\n<p>La corde \u00e0 sauter en plastique PVC de PVCJumpRope.com poss\u00e8de un <strong>c\u00e2ble en PVC solide et sans enchev\u00eatrement<\/strong> reconnu pour sa r\u00e9sistance \u00e0 l'usure et sa performance durable. Associ\u00e9e \u00e0 <strong>des poign\u00e9es ergonomiques de qualit\u00e9 sup\u00e9rieure<\/strong>, cette corde \u00e0 sauter garantit confort et durabilit\u00e9 \u00e0 chaque utilisation.<\/p>\n<h3>Longueur r\u00e9glable pour tous les utilisateurs<\/h3>\n<p>Ceci <strong>corde en PVC r\u00e9glable<\/strong> peut \u00eatre facilement adapt\u00e9e pour convenir aux utilisateurs allant des enfants aux adultes. La longueur s'ajuste en douceur de <strong>2,4 m\u00e8tres (8 pieds) jusqu'\u00e0 3 m\u00e8tres (10 pieds)<\/strong>, ce qui la rend polyvalente pour diff\u00e9rentes tailles et styles d'entra\u00eenement.<\/p>\n<h3>L\u00e9g\u00e8re et \u00e9quilibr\u00e9e en poids<\/h3>\n<p>Pesant environ <strong>150 grammes (5,3 onces)<\/strong>, cette <strong>corde \u00e0 sauter l\u00e9g\u00e8re<\/strong> permet des balancements rapides et contr\u00f4l\u00e9s et est parfait pour l'entra\u00eenement \u00e0 la vitesse ainsi que pour la remise en forme occasionnelle.<\/p>\n<h3>Plusieurs couleurs disponibles<\/h3>\n<p>Choisissez parmi une vari\u00e9t\u00e9 de couleurs vives pour correspondre \u00e0 votre style :<\/p>\n<ul>\n<li>Noir Classique<\/li>\n<li>Rouge Vif<\/li>\n<li>Bleu \u00c9lectrique<\/li>\n<li>Vert N\u00e9on<\/li>\n<li>Gris \u00c9l\u00e9gant<\/li>\n<\/ul>\n<h3>Emballage pour la commodit\u00e9<\/h3>\n<p>Chaque corde \u00e0 sauter en PVC arrive <strong>emball\u00e9e en toute s\u00e9curit\u00e9 dans une bo\u00eete compacte et recyclable<\/strong>, ce qui facilite le rangement et est id\u00e9al pour l'exp\u00e9dition. L'emballage comprend un guide d'utilisation simple pour vous aider \u00e0 commencer imm\u00e9diatement.<\/p>\n<p>Cette pr\u00e9sentation d\u00e9taill\u00e9e des sp\u00e9cifications met en \u00e9vidence pourquoi la corde \u00e0 sauter en PVC de PVCJumpRope.com est id\u00e9ale pour les amateurs de fitness recherchant une corde \u00e0 sauter en plastique durable, r\u00e9glable et fiable.<\/p>\n<h2>Comment utiliser la corde \u00e0 sauter en plastique PVC<\/h2>\n<h3>Ajuster la longueur de la corde<\/h3>\n<p>Pour tirer le meilleur parti de votre <strong>Corde \u00e0 sauter en PVC<\/strong>, commencez par ajuster la longueur pour qu'elle corresponde \u00e0 votre taille et \u00e0 votre style d'entra\u00eenement :<\/p>\n<ul>\n<li><strong>Tenez-vous debout au centre de la corde avec un pied<\/strong>.<\/li>\n<li>Tirez sur les poign\u00e9es le long de vos c\u00f4t\u00e9s \u2014 id\u00e9alement, les poign\u00e9es doivent atteindre vos aisselles pour une utilisation g\u00e9n\u00e9rale.<\/li>\n<li>Si vous en avez besoin plus courte pour l'entra\u00eenement \u00e0 la vitesse ou \u00e0 l'agilit\u00e9, ajustez en cons\u00e9quence.<\/li>\n<li>La plupart <strong>cordes en PVC r\u00e9glables<\/strong> ont un m\u00e9canisme de verrouillage simple ou des vis \u00e0 l'int\u00e9rieur des poign\u00e9es\u2014desserrer, couper l'exc\u00e8s de c\u00e2ble si n\u00e9cessaire, puis fixer \u00e0 nouveau fermement.<\/li>\n<\/ul>\n<h3>Conseils pour les d\u00e9butants<\/h3>\n<p>Si vous commencez tout juste votre parcours de saut \u00e0 la corde :<\/p>\n<ul>\n<li><strong>Commencez par des sauts lents et r\u00e9guliers<\/strong> pour instaurer un rythme.<\/li>\n<li>Utilisez la longueur compl\u00e8te de la corde au d\u00e9but pour faciliter le passage.<\/li>\n<li>Pratiquez de courtes sessions (5 \u00e0 10 minutes) avant d'augmenter la dur\u00e9e.<\/li>\n<li>Portez des chaussures de soutien avec un bon amorti sur une surface plane pour \u00e9viter les blessures.<\/li>\n<\/ul>\n<h3>Conseils pour les sauteurs avanc\u00e9s<\/h3>\n<p>Pour les utilisateurs pr\u00eats \u00e0 relever le d\u00e9fi :<\/p>\n<ul>\n<li>Raccourcissez l\u00e9g\u00e8rement la corde pour des rotations plus rapides, id\u00e9al pour <strong>Corde \u00e0 sauter en PVC<\/strong> entra\u00eenement parfait.<\/li>\n<li>Int\u00e9grez des techniques comme le double unders ou le crisscross pour l'agilit\u00e9 et la coordination.<\/li>\n<li>Concentrez-vous sur des mouvements de poignet fluides\u2014nos <strong>roulements de rotation fluides<\/strong> aident \u00e0 maintenir la corde en rotation sans interruption.<\/li>\n<li>Incluez des entra\u00eenements par intervalles pour des b\u00e9n\u00e9fices cardio et d'endurance.<\/li>\n<\/ul>\n<h3>Sc\u00e9narios d'utilisation recommand\u00e9s<\/h3>\n<p>Notre <strong>corde \u00e0 sauter en plastique<\/strong> est polyvalent et con\u00e7u pour une utilisation en int\u00e9rieur comme en ext\u00e9rieur :<\/p>\n<ul>\n<li><strong>Int\u00e9rieur:<\/strong> Utilisez sur des surfaces planes et antid\u00e9rapantes comme les sols de gym ou les tapis\u2014parfait pour les entra\u00eenements \u00e0 domicile.<\/li>\n<li><strong>Ext\u00e9rieur :<\/strong> C\u00e2ble en PVC durable r\u00e9sistant \u00e0 l'usure du b\u00e9ton ou de l'asphalte, id\u00e9al pour les s\u00e9ances dans le parc ou dans l'all\u00e9e.<\/li>\n<li>Portable et l\u00e9ger, il est parfait \u00e0 emporter en voyage ou \u00e0 la salle de sport.<\/li>\n<\/ul>\n<p>En suivant ces conseils, vous obtiendrez la meilleure performance de votre <strong>corde \u00e0 sauter en PVC<\/strong>, que vous visiez la perte de poids, la condition cardiovasculaire ou l'am\u00e9lioration de l'agilit\u00e9.<\/p>\n<h2>Pourquoi choisir PVCJumpRope.com PVC Corde \u00e0 Sauter<\/h2>\n<p>Lorsqu'il s'agit de <strong>Corde \u00e0 sauter en PVC<\/strong> qui offre qualit\u00e9 et performance, PVCJumpRope.com se distingue comme un <strong>fabricant et fournisseur de confiance<\/strong>. Nous apportons des ann\u00e9es d'exp\u00e9rience dans la fabrication de cordes \u00e0 sauter en plastique durables et l\u00e9g\u00e8res r\u00e9pondant aux exigences des amateurs de fitness \u00e0 travers la France.<\/p>\n<h3>Expertise du fabricant et engagement qualit\u00e9<\/h3>\n<p>PVCJumpRope.com se concentre sur <strong>des cordes \u00e0 sauter en PVC de haute qualit\u00e9<\/strong> con\u00e7ues pour tous les niveaux de fitness. Chaque corde subit des contr\u00f4les de qualit\u00e9 stricts pour garantir qu\u2019elle <strong>sans enchev\u00eatrement, r\u00e9sistante \u00e0 l'usure et con\u00e7ue pour durer<\/strong>. Nous utilisons du PVC de qualit\u00e9 sup\u00e9rieure et des poign\u00e9es ergonomiques pour garantir le confort pendant votre entra\u00eenement.<\/p>\n<h3>Tarification comp\u00e9titive et options en gros<\/h3>\n<p>Nos prix sont con\u00e7us pour offrir <strong>un excellent rapport qualit\u00e9-prix sans compromettre la qualit\u00e9<\/strong>. Que vous achetiez pour un usage personnel, un gymnase ou un programme scolaire, nous proposons des options flexibles incluant <strong>commandes en gros<\/strong> avec des remises. Cela fait de PVCJumpRope.com le choix privil\u00e9gi\u00e9 pour les centres de fitness et les groupes d'entra\u00eenement \u00e0 la recherche de cordes \u00e0 sauter fiables et abordables.<\/p>\n<h3>Avis et retours des clients<\/h3>\n<p>Les utilisateurs \u00e0 travers la France ont lou\u00e9 le <strong>rotation fluide<\/strong> et <strong>longueur r\u00e9glable<\/strong> de la corde \u00e0 sauter rapide en PVC de PVCJumpRope.com. Un acheteur a partag\u00e9, <em>\u00ab Excellente corde pour les entra\u00eenements cardio et d'agilit\u00e9. L\u00e9g\u00e8re et facile \u00e0 transporter. \u00bb<\/em> Ce retour refl\u00e8te notre engagement \u00e0 fournir un produit qui soutient efficacement votre parcours de remise en forme.<\/p>\n<h3>Garantie et politique de retour<\/h3>\n<p>Nous soutenons notre <strong>corde \u00e0 sauter en PVC<\/strong> avec une garantie simple pour vous assurer la tranquillit\u00e9 d'esprit. Si pour une raison quelconque vous n'\u00eates pas satisfait, PVCJumpRope.com propose une <strong>politique de retour sans souci<\/strong> assurant une exp\u00e9rience fluide depuis l'achat jusqu'\u00e0 l'utilisation. Votre satisfaction est notre priorit\u00e9.<\/p>\n<p>Choisissez PVCJumpRope.com pour une <strong>corde en plastique durable<\/strong> qui compl\u00e8te vos besoins d'entra\u00eenement avec qualit\u00e9, abordabilit\u00e9 et service fiable.<\/p>\n<h2>FAQ sur PVCJumpRope.com Corde \u00e0 sauter en plastique PVC<\/h2>\n<h3>Le PVC est-il s\u00fbr pour la peau sensible<\/h3>\n<p>Oui, la <strong>PVCJumpRope.com corde \u00e0 sauter en PVC<\/strong> utilise du plastique PVC de haute qualit\u00e9, non toxique, qui est g\u00e9n\u00e9ralement <strong>s\u00fbr pour la plupart des types de peau<\/strong>, y compris la peau sensible. La surface lisse de la corde minimise les irritations. Cependant, si vous avez une peau extr\u00eamement sensible ou des allergies, il est conseill\u00e9 de la tester bri\u00e8vement sur une petite zone pour \u00e9viter toute r\u00e9action.<\/p>\n<h3>Comment entretenir et nettoyer la corde<\/h3>\n<p>Garder votre <strong>c\u00e2ble en PVC pour corde \u00e0 sauter<\/strong> en bon \u00e9tat est simple :<\/p>\n<ul>\n<li>Essuyez le cordon en PVC et les poign\u00e9es avec un chiffon humide apr\u00e8s l'entra\u00eenement pour \u00e9liminer la transpiration et la salet\u00e9<\/li>\n<li>\u00c9vitez d'utiliser des produits chimiques agressifs ou des nettoyants abrasifs qui peuvent endommager le mat\u00e9riau<\/li>\n<li>Rangez la corde enroul\u00e9e l\u00e2chement dans un endroit sec, \u00e0 l'abri de la lumi\u00e8re directe du soleil pour \u00e9viter la d\u00e9coloration ou la fragilit\u00e9<\/li>\n<li>V\u00e9rifiez r\u00e9guli\u00e8rement tout signe d'usure, en particulier au niveau des joints du cordon et des poign\u00e9es, pour assurer la s\u00e9curit\u00e9 et la performance<\/li>\n<\/ul>\n<h3>Peut-on l'utiliser pour les doubles sauts et l'entra\u00eenement de vitesse<\/h3>\n<p>Absolument. La <strong>corde \u00e0 sauter en PVC l\u00e9g\u00e8re et sans enchev\u00eatrement<\/strong> avec ses roulements de rotation lisses est con\u00e7ue pour <strong>l'entra\u00eenement de vitesse et les exercices avanc\u00e9s comme les doubles sauts<\/strong>. Que vous soyez d\u00e9butant ou que vous travailliez votre agilit\u00e9, la corde \u00e0 sauter en plastique qui tourne en douceur vous aide \u00e0 maintenir un mouvement rapide et constant sans interruption.<\/p>\n<h3>Informations sur l'exp\u00e9dition et la livraison<\/h3>\n<p>Nous proposons <strong>une livraison rapide et fiable dans toute la France<\/strong>. La plupart des commandes sont trait\u00e9es et exp\u00e9di\u00e9es dans un d\u00e9lai de 1 \u00e0 2 jours ouvrables. Selon votre localisation, la livraison prend g\u00e9n\u00e9ralement entre 3 et 7 jours ouvrables. Les commandes en gros pour les gyms ou les \u00e9coles peuvent \u00e9galement \u00eatre organis\u00e9es avec des calendriers d'exp\u00e9dition coordonn\u00e9s pour r\u00e9pondre \u00e0 vos besoins. Les informations de suivi sont fournies une fois votre commande exp\u00e9di\u00e9e pour un suivi facile.<\/p>\n<p><strong>Besoin de plus d'informations ?<\/strong> N'h\u00e9sitez pas \u00e0 nous contacter \u00e0 tout moment \u2013 nous sommes l\u00e0 pour vous aider \u00e0 commencer \u00e0 sauter avec la meilleure corde \u00e0 sauter en PVC disponible.<\/p>\n<h2>Commandez votre corde \u00e0 sauter en PVC sur PVCJumpRope.com et lancez votre parcours de remise en forme<\/h2>\n<p>Pr\u00eat \u00e0 faire passer vos entra\u00eenements au niveau sup\u00e9rieur ? <strong>Commandez votre corde \u00e0 sauter en plastique PVC sur PVCJumpRope.com d\u00e8s aujourd'hui<\/strong> et d\u00e9couvrez la combinaison parfaite de durabilit\u00e9, de l\u00e9g\u00e8ret\u00e9 et de performance fluide. Que vous vous concentriez sur le cardio, la perte de poids ou l'am\u00e9lioration de l'agilit\u00e9, cette corde \u00e0 sauter en PVC convient \u00e0 tous les niveaux et routines de fitness.<\/p>\n<h3>Options d'achat et remises pour achats en gros<\/h3>\n<ul>\n<li><strong>Options d'achat flexibles<\/strong> pour r\u00e9pondre \u00e0 vos besoins \u2014 disponibles \u00e0 l'achat individuel ou en gros.<\/li>\n<li>Tarifs sp\u00e9ciaux disponibles pour les salles de sport, \u00e9coles et clubs de fitness.<\/li>\n<li><strong>Services OEM\/ODM<\/strong> pour les entreprises souhaitant personnaliser leurs cordes \u00e0 sauter rapides en PVC.<\/li>\n<\/ul>\n<h3>Contact et Assistance<\/h3>\n<p>Vous avez des questions ou souhaitez passer une commande en gros ? Contactez-nous \u00e0 tout moment. Notre \u00e9quipe chez PVCJumpRope.com, un fabricant et fournisseur de cordes \u00e0 sauter en plastique de haute qualit\u00e9, est l\u00e0 pour soutenir vos objectifs de fitness.<\/p>\n<ul>\n<li>Visitez notre site web pour des informations d\u00e9taill\u00e9es sur les produits et un paiement s\u00e9curis\u00e9.<\/li>\n<li>Appelez ou envoyez un email pour un service personnalis\u00e9 et des demandes de remises en gros.<\/li>\n<\/ul>\n<p><strong>N'attendez pas pour am\u00e9liorer votre \u00e9quipement d'entra\u00eenement. Obtenez d\u00e8s maintenant votre corde d'exercice en PVC sur PVCJumpRope.com et profitez d'une saut\u00e9e durable et sans enchev\u00eatrement o\u00f9 que vous soyez !<\/strong><\/p>","protected":false},"excerpt":{"rendered":"<p>Corde \u00e0 sauter en PVC durable avec longueur r\u00e9glable, poign\u00e9es ergonomiques et rotation fluide, parfaite pour la remise en forme, l'entra\u00eenement et les s\u00e9ances de cardio.<\/p>","protected":false},"featured_media":1133,"comment_status":"open","ping_status":"closed","template":"","meta":{"site-sidebar-layout":"default","site-content-layout":"","ast-site-content-layout":"default","site-content-style":"default","site-sidebar-style":"default","ast-global-header-display":"","ast-banner-title-visibility":"","ast-main-header-display":"","ast-hfb-above-header-display":"","ast-hfb-below-header-display":"","ast-hfb-mobile-header-display":"","site-post-title":"","ast-breadcrumbs-content":"","ast-featured-img":"","footer-sml-layout":"","theme-transparent-header-meta":"default","adv-header-id-meta":"","stick-header-meta":"","header-above-stick-meta":"","header-main-stick-meta":"","header-below-stick-meta":"","astra-migrate-meta-layouts":"set","ast-page-background-enabled":"default","ast-page-background-meta":{"desktop":{"background-color":"var(--ast-global-color-5)","background-image":"","background-repeat":"repeat","background-position":"center center","background-size":"auto","background-attachment":"scroll","background-type":"","background-media":"","overlay-type":"","overlay-color":"","overlay-opacity":"","overlay-gradient":""},"tablet":{"background-color":"","background-image":"","background-repeat":"repeat","background-position":"center center","background-size":"auto","background-attachment":"scroll","background-type":"","background-media":"","overlay-type":"","overlay-color":"","overlay-opacity":"","overlay-gradient":""},"mobile":{"background-color":"","background-image":"","background-repeat":"repeat","background-position":"center center","background-size":"auto","background-attachment":"scroll","background-type":"","background-media":"","overlay-type":"","overlay-color":"","overlay-opacity":"","overlay-gradient":""}},"ast-content-background-meta":{"desktop":{"background-color":"var(--ast-global-color-4)","background-image":"","background-repeat":"repeat","background-position":"center center","background-size":"auto","background-attachment":"scroll","background-type":"","background-media":"","overlay-type":"","overlay-color":"","overlay-opacity":"","overlay-gradient":""},"tablet":{"background-color":"var(--ast-global-color-4)","background-image":"","background-repeat":"repeat","background-position":"center center","background-size":"auto","background-attachment":"scroll","background-type":"","background-media":"","overlay-type":"","overlay-color":"","overlay-opacity":"","overlay-gradient":""},"mobile":{"background-color":"var(--ast-global-color-4)","background-image":"","background-repeat":"repeat","background-position":"center center","background-size":"auto","background-attachment":"scroll","background-type":"","background-media":"","overlay-type":"","overlay-color":"","overlay-opacity":"","overlay-gradient":""}}},"product_brand":[],"product_cat":[24],"product_tag":[26],"class_list":{"0":"post-1132","1":"product","2":"type-product","3":"status-publish","4":"has-post-thumbnail","6":"product_cat-pvc-jump-rope","7":"product_tag-adjustable-pvc-jump-rope","8":"desktop-align-left","9":"tablet-align-left","10":"mobile-align-left","12":"first","13":"instock","14":"shipping-taxable","15":"purchasable","16":"product-type-simple"},"_links":{"self":[{"href":"https:\/\/pvcjumprope.com\/fr\/wp-json\/wp\/v2\/product\/1132","targetHints":{"allow":["GET"]}}],"collection":[{"href":"https:\/\/pvcjumprope.com\/fr\/wp-json\/wp\/v2\/product"}],"about":[{"href":"https:\/\/pvcjumprope.com\/fr\/wp-json\/wp\/v2\/types\/product"}],"replies":[{"embeddable":true,"href":"https:\/\/pvcjumprope.com\/fr\/wp-json\/wp\/v2\/comments?post=1132"}],"wp:featuredmedia":[{"embeddable":true,"href":"https:\/\/pvcjumprope.com\/fr\/wp-json\/wp\/v2\/media\/1133"}],"wp:attachment":[{"href":"https:\/\/pvcjumprope.com\/fr\/wp-json\/wp\/v2\/media?parent=1132"}],"wp:term":[{"taxonomy":"product_brand","embeddable":true,"href":"https:\/\/pvcjumprope.com\/fr\/wp-json\/wp\/v2\/product_brand?post=1132"},{"taxonomy":"product_cat","embeddable":true,"href":"https:\/\/pvcjumprope.com\/fr\/wp-json\/wp\/v2\/product_cat?post=1132"},{"taxonomy":"product_tag","embeddable":true,"href":"https:\/\/pvcjumprope.com\/fr\/wp-json\/wp\/v2\/product_tag?post=1132"}],"curies":[{"name":"wp","href":"https:\/\/api.w.org\/{rel}","templated":true}]}}