{"id":1132,"date":"2025-07-06T02:43:50","date_gmt":"2025-07-06T02:43:50","guid":{"rendered":"https:\/\/pvcjumprope.com\/?post_type=product&#038;p=1132"},"modified":"2025-10-08T13:55:09","modified_gmt":"2025-10-08T13:55:09","slug":"pvc-plastic-jump-rope","status":"publish","type":"product","link":"https:\/\/pvcjumprope.com\/de\/product\/pvc-plastic-jump-rope","title":{"rendered":"Strapazierf\u00e4higes Verstellbares PVC-Kunststoff-Springseil f\u00fcr Fitness und Training"},"content":{"rendered":"<h2>Produkt\u00fcbersicht PVC-Kunststoff-Sprungseil<\/h2>\n<p>Die <strong>PVCJumpRope.com PVC-Kunststoff-Sprungseil<\/strong> ist ein zuverl\u00e4ssiges und vielseitiges Fitnessger\u00e4t, das f\u00fcr Nutzer aller Niveaus entwickelt wurde. Hergestellt aus leichtem, aber langlebigem PVC-Kabel, bietet dieses Springseil <strong>ein reibungsloses, verhedderungsfreies Training<\/strong> das regelm\u00e4\u00dfige Cardio-Workouts, Trainingseinheiten und Gewichtsverlust-Routinen standh\u00e4lt. Egal, ob Sie Anf\u00e4nger oder erfahrener Athlet sind, das PVCJumpRope.com Springseil passt sich leicht Ihrem Tempo und Stil an.<\/p>\n<p>Ideal zur Verbesserung von <strong>Beweglichkeit, Koordination und Ausdauer<\/strong>, dieses Kunststoff-Springseil ist ein perfekter Begleiter f\u00fcr Indoor- und Outdoor-Training. Sein ausgewogenes Design f\u00f6rdert schnelles, unterbrechungsfreies Drehen und hilft Ihnen, bei intensivem Tempo und Intervalltraining mit Selbstvertrauen durchzuhalten.<\/p>\n<p>Langlebig gebaut, kombiniert das PVCJumpRope.com PVC-Springseil <strong>Haltbarkeit mit Tragbarkeit<\/strong>, was es f\u00fcr Heimfitnessstudios, Reisen oder das Mitnehmen ins Fitnessstudio ohne zus\u00e4tzliches Volumen geeignet macht. Dieses Springseil bietet eine zuverl\u00e4ssige, erschwingliche L\u00f6sung f\u00fcr alle, die ernsthaft ihre Fitness durch eine der effektivsten Herz-Kreislauf-\u00dcbungen verbessern m\u00f6chten.<\/p>\n<h2>Wichtige Merkmale und Vorteile des PVC-Kunststoff-Sprungseils<\/h2>\n<p>Unser <strong>PVCJumpRope.com PVC-Springseil<\/strong> ist darauf ausgelegt, die Bed\u00fcrfnisse jedes Fitness-Enthusiasten zu erf\u00fcllen, egal ob Anf\u00e4nger oder Profi. Hier ist, was dieses <strong>Kunststoff-Springseil<\/strong> hervorhebt:<\/p>\n<h3>Hochwertiges PVC-Seil<\/h3>\n<ul>\n<li>Hergestellt aus <strong>stabiles, verschlei\u00dffestes PVC-Kabel<\/strong>, dieses Seil ist auf Langlebigkeit ausgelegt.<\/li>\n<li>Das Material ist <strong>kabelsalatfrei<\/strong>, damit Sie sich beim Training auf Ihre \u00dcbungen konzentrieren k\u00f6nnen, anstatt Knoten zu entwirren.<\/li>\n<\/ul>\n<h3>Verstellbare L\u00e4nge<\/h3>\n<ul>\n<li>Die Seill\u00e4nge ist <strong>leicht einstellbar<\/strong>, passt perfekt zu jeder K\u00f6rpergr\u00f6\u00dfe oder Trainingsstil.<\/li>\n<li>Egal, ob Sie Cardio, Geschwindigkeitstraining oder Agilit\u00e4ts\u00fcbungen machen, Sie k\u00f6nnen es f\u00fcr Komfort und Effizienz anpassen.<\/li>\n<\/ul>\n<h3>Ergonomische Griffe<\/h3>\n<ul>\n<li>Entwickelt mit <strong>rutschfesten Griffen<\/strong> f\u00fcr einen bequemen Halt w\u00e4hrend langer Trainingseinheiten.<\/li>\n<li>Die Griffe sind so geformt, dass sie die Handerm\u00fcdung reduzieren, was l\u00e4ngere Workouts erleichtert.<\/li>\n<\/ul>\n<h3>Sanfte Rotationslager<\/h3>\n<ul>\n<li>Ausgestattet mit <strong>hochwertige Lager<\/strong> die schnelles, reibungsloses und unterbrechungsfreies Drehen erm\u00f6glichen.<\/li>\n<li>Ideal f\u00fcr <strong>PVC-Speed-Sprungseil<\/strong> benutzen, um einen schnellen, gleichm\u00e4\u00dfigen Rhythmus beizubehalten.<\/li>\n<\/ul>\n<h3>Leicht und tragbar<\/h3>\n<ul>\n<li>Dieses <strong>leichtes Springseil<\/strong> ist leicht zu transportieren, sowohl f\u00fcr Heimtraining als auch f\u00fcr Reisen.<\/li>\n<li>Perfekt f\u00fcr den Einsatz im Fitnessstudio, Park oder in kleinen Innenr\u00e4umen.<\/li>\n<\/ul>\n<h3>Erschwinglich und langlebig<\/h3>\n<ul>\n<li>Sie erhalten hervorragende <strong>Preis-Leistungs-Verh\u00e4ltnis<\/strong> mit einem langlebigen Seil, das f\u00fcr den regelm\u00e4\u00dfigen Gebrauch ausgelegt ist.<\/li>\n<li>Kombiniert Qualit\u00e4t und Preis f\u00fcr diejenigen, die eine zuverl\u00e4ssige <strong>PVC-Springseil<\/strong> ohne das Budget zu sprengen.<\/li>\n<\/ul>\n<p>Das PVCJumpRope.com PVC-Springseil deckt all Ihre grundlegenden Springseilbed\u00fcrfnisse mit Haltbarkeit, Komfort und Leistung ab und ist somit eine Top-Wahl f\u00fcr Fitnessbegeisterte in Deutschland.<\/p>\n<h2>Produktspezifikationen PVC-Kunststoff-Springseil<\/h2>\n<h3>Haltbare Materialien in hoher Qualit\u00e4t<\/h3>\n<p>Das PVCJumpRope.com PVC-Kunststoff-Springseil verf\u00fcgt \u00fcber ein <strong>stabiles, knotenfreies PVC-Kabel<\/strong> bekannt f\u00fcr seine Verschlei\u00dffestigkeit und langlebige Leistung. In Kombination mit <strong>hochwertigen ergonomischen Griffen<\/strong>, sorgt dieses Springseil f\u00fcr Komfort und Haltbarkeit bei jedem Gebrauch.<\/p>\n<h3>Verstellbare L\u00e4nge f\u00fcr alle Nutzer<\/h3>\n<p>Dieses <strong>verstellbares PVC-Seil<\/strong> kann leicht an die Nutzer von Kindern bis Erwachsenen angepasst werden. Die L\u00e4nge l\u00e4sst sich reibungslos von <strong>2,4 Metern (8 Fu\u00df) bis zu 3 Metern (10 Fu\u00df)<\/strong>anpassen, was es vielseitig f\u00fcr verschiedene K\u00f6rpergr\u00f6\u00dfen und Trainingsstile macht.<\/p>\n<h3>Leicht und ausgewogen im Gewicht<\/h3>\n<p>Mit einem Gewicht von etwa <strong>150 Gramm (5,3 Unzen)<\/strong>, dies <strong>leichtes Springseil<\/strong> erm\u00f6glicht es schnelle, kontrollierte Schw\u00fcnge und ist perfekt f\u00fcr Geschwindigkeitstraining sowie f\u00fcr gelegentliches Fitness.<\/p>\n<h3>Mehrere Farben verf\u00fcgbar<\/h3>\n<p>W\u00e4hlen Sie aus einer Vielzahl lebendiger Farben, die zu Ihrem Stil passen:<\/p>\n<ul>\n<li>Klassisches Schwarz<\/li>\n<li>Helles Rot<\/li>\n<li>Elektrisches Blau<\/li>\n<li>Neon Gr\u00fcn<\/li>\n<li>Elegantes Grau<\/li>\n<\/ul>\n<h3>Verpackung f\u00fcr Komfort<\/h3>\n<p>Jeder PVC-Geschwindigkeits-Sprungseil wird <strong>sicher in einer kompakten, recycelbaren Box verpackt<\/strong>, was die Lagerung erleichtert und ideal f\u00fcr den Versand ist. Die Verpackung enth\u00e4lt eine einfache Bedienungsanleitung, um sofort loslegen zu k\u00f6nnen.<\/p>\n<p>Diese detaillierte Spezifikations\u00fcbersicht zeigt, warum das PVCJumpRope.com PVC-Sprungseil eine gro\u00dfartige Wahl f\u00fcr Fitnessbegeisterte ist, die nach einem langlebigen, verstellbaren und zuverl\u00e4ssigen Kunststoff-Sprungseil suchen.<\/p>\n<h2>So verwenden Sie das PVC-Kunststoff-Sprungseil<\/h2>\n<h3>L\u00e4nge des Seils einstellen<\/h3>\n<p>Um das Beste aus Ihrem <strong>PVC-Springseil<\/strong>, beginnen Sie damit, die L\u00e4nge an Ihre K\u00f6rpergr\u00f6\u00dfe und Ihr Trainingsstil anzupassen:<\/p>\n<ul>\n<li><strong>Stellen Sie sich mit einem Fu\u00df in die Mitte des Seils<\/strong>.<\/li>\n<li>Ziehen Sie die Griffe entlang Ihrer Seiten nach oben \u2013 idealerweise sollten die Griffe Ihre Achselh\u00f6hlen erreichen, um allgemein zu verwenden.<\/li>\n<li>Wenn Sie es f\u00fcr Geschwindigkeit oder Beweglichkeit k\u00fcrzer ben\u00f6tigen, passen Sie es entsprechend an.<\/li>\n<li>Die meisten <strong>verstellbaren PVC-Seile<\/strong> haben einen einfachen Verriegelungsmechanismus oder Schrauben in den Griffen \u2013 l\u00f6sen Sie diese, k\u00fcrzen Sie bei Bedarf das Kabel und sichern Sie es wieder fest.<\/li>\n<\/ul>\n<h3>Tipps f\u00fcr Anf\u00e4nger<\/h3>\n<p>Wenn Sie gerade erst mit Ihrer Springseilreise beginnen:<\/p>\n<ul>\n<li><strong>Beginnen Sie mit langsamen, gleichm\u00e4\u00dfigen Spr\u00fcngen<\/strong> um den Rhythmus aufzubauen.<\/li>\n<li>Verwenden Sie zun\u00e4chst die volle L\u00e4nge des Seils, um das \u00dcberspringen zu erleichtern.<\/li>\n<li>\u00dcben Sie kurze Einheiten (5 bis 10 Minuten), bevor Sie die Zeit verl\u00e4ngern.<\/li>\n<li>Tragen Sie unterst\u00fctzende Schuhe mit guter D\u00e4mpfung auf einer ebenen Fl\u00e4che, um Verletzungen zu vermeiden.<\/li>\n<\/ul>\n<h3>Tipps f\u00fcr Fortgeschrittene Springer<\/h3>\n<p>F\u00fcr Nutzer, die die Herausforderung steigern m\u00f6chten:<\/p>\n<ul>\n<li>K\u00fcrzen Sie das Seil leicht f\u00fcr schnellere Drehungen, ideal f\u00fcr <strong>PVC-Speed-Sprungseil<\/strong> Workout macht.<\/li>\n<li>Integrieren Sie Techniken wie Double Unders oder Crisscross f\u00fcr Beweglichkeit und Koordination.<\/li>\n<li>Konzentrieren Sie sich auf fl\u00fcssige Handgelenksbewegungen\u2014unsere <strong>sanften Rotationslager<\/strong> helfen dabei, das Seil ununterbrochen drehen zu lassen.<\/li>\n<li>Integrieren Sie Intervalltraining f\u00fcr Herz-Kreislauf- und Ausdauerf\u00f6rderung.<\/li>\n<\/ul>\n<h3>Empfohlene Nutzungsszenarien<\/h3>\n<p>Unser <strong>Kunststoff-Springseil<\/strong> ist vielseitig und f\u00fcr den Innen- und Au\u00dfenbereich geeignet:<\/p>\n<ul>\n<li><strong>Innen:<\/strong> Verwenden Sie auf ebenen, rutschfesten Fl\u00e4chen wie Turnhallenb\u00f6den oder Teppichen\u2014perfekt f\u00fcr Heimtrainings.<\/li>\n<li><strong>Au\u00dfen:<\/strong> Robustes PVC-Seil widersteht Abnutzung durch Beton oder Asphalt, ideal f\u00fcr Park- oder Einfahrtsessions.<\/li>\n<li>Portabel und leicht, ideal zum Mitnehmen auf Reisen oder ins Fitnessstudio.<\/li>\n<\/ul>\n<p>Wenn Sie diese Tipps befolgen, erzielen Sie die beste Leistung von Ihrem <strong>PVC-Springseil<\/strong>, egal ob Sie Gewichtsverlust, Cardio-Fitness oder Beweglichkeit verbessern m\u00f6chten.<\/p>\n<h2>Warum PVCJumpRope.com PVC Springseil w\u00e4hlen<\/h2>\n<p>Wenn es um ein <strong>PVC-Springseil<\/strong> das Qualit\u00e4t und Leistung bietet, hebt sich PVCJumpRope.com als vertrauensw\u00fcrdiger <strong>Hersteller und Lieferant hervor<\/strong>. Wir bringen jahrelange Erfahrung in der Herstellung langlebiger, leichter Kunststoff-Springseile mit, die den Anforderungen von Fitnessbegeisterten in Deutschland gerecht werden.<\/p>\n<h3>Herstellerkompetenz und Qualit\u00e4tsverpflichtung<\/h3>\n<p>PVCJumpRope.com konzentriert sich auf <strong>hochwertige PVC-Kabel-Springseile<\/strong> die f\u00fcr alle Fitnesslevels geeignet sind. Jedes Seil durchl\u00e4uft strenge Qualit\u00e4tskontrollen, um sicherzustellen, dass es <strong>knotenfrei, verschlei\u00dffest und langlebig ist<\/strong>. Wir verwenden hochwertiges PVC und ergonomische Griffdesigns, um Komfort w\u00e4hrend des Trainings zu garantieren.<\/p>\n<h3>Wettbewerbsf\u00e4hige Preise und Mengenrabatte<\/h3>\n<p>Unsere Preise sind so gestaltet, dass sie <strong>ein gro\u00dfartiges Preis-Leistungs-Verh\u00e4ltnis bieten, ohne die Qualit\u00e4t zu beeintr\u00e4chtigen<\/strong>. Ob Sie f\u00fcr den pers\u00f6nlichen Gebrauch, ein Fitnessstudio oder ein Schulprogramm kaufen, wir bieten flexible Optionen, einschlie\u00dflich <strong>Gro\u00dfbestellungen<\/strong> mit Rabatten. Das macht PVCJumpRope.com zur ersten Wahl f\u00fcr Fitnesszentren und Trainingsgruppen, die zuverl\u00e4ssige, erschwingliche Springseile suchen.<\/p>\n<h3>Kundenbewertungen und Feedback<\/h3>\n<p>Benutzer in Deutschland haben das <strong>reibungslose Drehen<\/strong> und <strong>verstellbaren L\u00e4nge<\/strong> des PVCJumpRope.com PVC-Geschwindigkeits-Sprungseils gelobt. Ein K\u00e4ufer teilte mit, <em>\u201eTolles Seil f\u00fcr Cardio- und Agilit\u00e4ts\u00fcbungen. Leicht und einfach zu transportieren.\u201c<\/em> Dieses Feedback spiegelt unser Engagement wider, ein Produkt zu liefern, das Ihre Fitnessreise effektiv unterst\u00fctzt.<\/p>\n<h3>Garantie- und R\u00fcckgabebedingungen<\/h3>\n<p>Wir stehen hinter unserem <strong>PVC-Springseil<\/strong> mit einer unkomplizierten Garantie, um Ihnen Sicherheit zu bieten. Wenn Sie aus irgendeinem Grund nicht zufrieden sind, bietet PVCJumpRope.com eine <strong>problemlose R\u00fcckgaberecht<\/strong> f\u00fcr ein reibungsloses Erlebnis vom Kauf bis zur Nutzung. Ihre Zufriedenheit ist unsere Priorit\u00e4t.<\/p>\n<p>W\u00e4hlen Sie PVCJumpRope.com f\u00fcr ein <strong>robustes Kunststoffseil<\/strong> das Ihre Trainingsbed\u00fcrfnisse mit Qualit\u00e4t, Erschwinglichkeit und zuverl\u00e4ssigem Service erg\u00e4nzt.<\/p>\n<h2>FAQs zu PVCJumpRope.com PVC-Kunststoff-Sprungseil<\/h2>\n<h3>Ist PVC f\u00fcr empfindliche Haut sicher<\/h3>\n<p>Ja, das <strong>PVCJumpRope.com PVC-Springseil<\/strong> verwendet hochwertigen, ungiftigen PVC-Kunststoff, der im Allgemeinen <strong>sicher f\u00fcr die meisten Hauttypen ist<\/strong>, einschlie\u00dflich empfindlicher Haut. Die glatte Oberfl\u00e4che des Seils minimiert Reizungen. Wenn Sie jedoch extrem empfindliche Haut oder Allergien haben, ist es ratsam, es kurz an einer kleinen Stelle zu testen, um sicherzustellen, dass keine Reaktion auftritt.<\/p>\n<h3>So pflegen und reinigen Sie das Seil<\/h3>\n<p>Halten Sie Ihr <strong>PVC-Kabel-Springseil<\/strong> In guter Form ist einfach:<\/p>\n<ul>\n<li>Wischen Sie das PVC-Seil und die Griffe nach dem Training mit einem feuchten Tuch ab, um Schwei\u00df und Schmutz zu entfernen<\/li>\n<li>Vermeiden Sie die Verwendung von aggressiven Chemikalien oder scheuernden Reinigern, die das Material besch\u00e4digen k\u00f6nnen<\/li>\n<li>Bewahren Sie das Seil locker aufgerollt an einem trockenen Ort auf, fern von direktem Sonnenlicht, um Ausbleichen oder Br\u00fcchigkeit zu verhindern<\/li>\n<li>\u00dcberpr\u00fcfen Sie regelm\u00e4\u00dfig auf Anzeichen von Abnutzung, insbesondere an den Verbindungen des Seils und der Griffe, um Sicherheit und Leistung zu gew\u00e4hrleisten<\/li>\n<\/ul>\n<h3>Kann es f\u00fcr Double Unders und Schnelligkeitstraining verwendet werden<\/h3>\n<p>Absolut. Das <strong>leichtes und knotenfreies PVC-Springseil<\/strong> mit seinen glatten Drehlagern ist es ausgelegt f\u00fcr <strong>Schnelligkeitstraining und fortgeschrittene \u00dcbungen wie Double Unders<\/strong>. Ob Sie Anf\u00e4nger sind oder an Ihrer Beweglichkeit arbeiten, das geschmeidig drehende Kunststoff-Springseil hilft Ihnen, schnelle, gleichm\u00e4\u00dfige Bewegungen ohne Unterbrechung beizubehalten.<\/p>\n<h3>Versand- und Lieferinformationen<\/h3>\n<p>Wir bieten <strong>schnellen und zuverl\u00e4ssigen Versand innerhalb Deutschlands<\/strong>. Die meisten Bestellungen werden innerhalb von 1-2 Werktagen bearbeitet und versendet. Je nach Standort dauert die Lieferung in der Regel zwischen 3-7 Werktagen. Gro\u00dfbestellungen f\u00fcr Fitnessstudios oder Schulen k\u00f6nnen ebenfalls mit abgestimmten Versandpl\u00e4nen arrangiert werden, um Ihren Bed\u00fcrfnissen gerecht zu werden. Sobald Ihre Bestellung versendet wurde, erhalten Sie eine Sendungsverfolgungsnummer f\u00fcr eine einfache \u00dcberwachung.<\/p>\n<p><strong>Brauchen Sie mehr Infos?<\/strong> Z\u00f6gern Sie nicht, uns jederzeit zu kontaktieren \u2013 wir sind hier, um Ihnen zu helfen, mit dem besten PVC-\u00dcbungsspringseil durchzustarten.<\/p>\n<h2>Bestellen Sie Ihr PVCJumpRope.com PVC-Kunststoff-Springseil und starten Sie Ihre Fitnessreise<\/h2>\n<p>Bereit, Ihre Workouts auf die n\u00e4chste Stufe zu heben? <strong>Bestellen Sie noch heute Ihr PVCJumpRope.com PVC-Kunststoff-Springseil<\/strong> und erleben Sie die perfekte Kombination aus Haltbarkeit, leichtem Design und reibungsloser Leistung. Ob Sie sich auf Cardio, Gewichtsverlust oder die Verbesserung der Beweglichkeit konzentrieren, dieses PVC-Springseil passt zu allen Fitnessniveaus und Routinen.<\/p>\n<h3>Kaufoptionen und Mengenrabatte<\/h3>\n<ul>\n<li><strong>Flexible Kaufoptionen<\/strong> um Ihre Bed\u00fcrfnisse zu erf\u00fcllen \u2013 verf\u00fcgbar f\u00fcr Einzelk\u00e4ufe oder Gro\u00dfbestellungen.<\/li>\n<li>Sonderpreise f\u00fcr Fitnessstudios, Schulen und Fitnessvereine verf\u00fcgbar.<\/li>\n<li><strong>OEM\/ODM-Dienstleistungen<\/strong> f\u00fcr Unternehmen, die ihre PVC-Springseile individuell anpassen m\u00f6chten.<\/li>\n<\/ul>\n<h3>Kontakt und Support<\/h3>\n<p>Haben Sie Fragen oder m\u00f6chten Sie eine Gro\u00dfbestellung aufgeben? Kontaktieren Sie uns jederzeit. Unser Team von PVCJumpRope.com, einem vertrauensw\u00fcrdigen Hersteller und Lieferanten von hochwertigen Kunststoff-Springseilen, ist hier, um Ihre Fitnessziele zu unterst\u00fctzen.<\/p>\n<ul>\n<li>Besuchen Sie unsere Website f\u00fcr detaillierte Produktinformationen und eine sichere Kaufabwicklung.<\/li>\n<li>Rufen Sie uns an oder senden Sie uns eine E-Mail f\u00fcr pers\u00f6nlichen Service und Anfragen zu Mengenrabatten.<\/li>\n<\/ul>\n<p><strong>Warten Sie nicht, um Ihre Trainingsausr\u00fcstung aufzur\u00fcsten. Holen Sie sich jetzt Ihr PVCJumpRope.com PVC-\u00dcbungsseil und genie\u00dfen Sie langlebiges, verwicklungsfreies Springen, wo immer Sie hingehen!<\/strong><\/p>","protected":false},"excerpt":{"rendered":"<p>Strapazierf\u00e4higes PVC-Kunststoff-Springseil mit verstellbarer L\u00e4nge, ergonomischen Griffen und reibungsloser Rotation, perfekt f\u00fcr Fitness, Training und Cardio-Workouts.<\/p>","protected":false},"featured_media":1133,"comment_status":"open","ping_status":"closed","template":"","meta":{"site-sidebar-layout":"default","site-content-layout":"","ast-site-content-layout":"default","site-content-style":"default","site-sidebar-style":"default","ast-global-header-display":"","ast-banner-title-visibility":"","ast-main-header-display":"","ast-hfb-above-header-display":"","ast-hfb-below-header-display":"","ast-hfb-mobile-header-display":"","site-post-title":"","ast-breadcrumbs-content":"","ast-featured-img":"","footer-sml-layout":"","theme-transparent-header-meta":"default","adv-header-id-meta":"","stick-header-meta":"","header-above-stick-meta":"","header-main-stick-meta":"","header-below-stick-meta":"","astra-migrate-meta-layouts":"set","ast-page-background-enabled":"default","ast-page-background-meta":{"desktop":{"background-color":"var(--ast-global-color-5)","background-image":"","background-repeat":"repeat","background-position":"center center","background-size":"auto","background-attachment":"scroll","background-type":"","background-media":"","overlay-type":"","overlay-color":"","overlay-opacity":"","overlay-gradient":""},"tablet":{"background-color":"","background-image":"","background-repeat":"repeat","background-position":"center center","background-size":"auto","background-attachment":"scroll","background-type":"","background-media":"","overlay-type":"","overlay-color":"","overlay-opacity":"","overlay-gradient":""},"mobile":{"background-color":"","background-image":"","background-repeat":"repeat","background-position":"center center","background-size":"auto","background-attachment":"scroll","background-type":"","background-media":"","overlay-type":"","overlay-color":"","overlay-opacity":"","overlay-gradient":""}},"ast-content-background-meta":{"desktop":{"background-color":"var(--ast-global-color-4)","background-image":"","background-repeat":"repeat","background-position":"center center","background-size":"auto","background-attachment":"scroll","background-type":"","background-media":"","overlay-type":"","overlay-color":"","overlay-opacity":"","overlay-gradient":""},"tablet":{"background-color":"var(--ast-global-color-4)","background-image":"","background-repeat":"repeat","background-position":"center center","background-size":"auto","background-attachment":"scroll","background-type":"","background-media":"","overlay-type":"","overlay-color":"","overlay-opacity":"","overlay-gradient":""},"mobile":{"background-color":"var(--ast-global-color-4)","background-image":"","background-repeat":"repeat","background-position":"center center","background-size":"auto","background-attachment":"scroll","background-type":"","background-media":"","overlay-type":"","overlay-color":"","overlay-opacity":"","overlay-gradient":""}}},"product_brand":[],"product_cat":[24],"product_tag":[26],"class_list":{"0":"post-1132","1":"product","2":"type-product","3":"status-publish","4":"has-post-thumbnail","6":"product_cat-pvc-jump-rope","7":"product_tag-adjustable-pvc-jump-rope","8":"desktop-align-left","9":"tablet-align-left","10":"mobile-align-left","12":"first","13":"instock","14":"shipping-taxable","15":"purchasable","16":"product-type-simple"},"_links":{"self":[{"href":"https:\/\/pvcjumprope.com\/de\/wp-json\/wp\/v2\/product\/1132","targetHints":{"allow":["GET"]}}],"collection":[{"href":"https:\/\/pvcjumprope.com\/de\/wp-json\/wp\/v2\/product"}],"about":[{"href":"https:\/\/pvcjumprope.com\/de\/wp-json\/wp\/v2\/types\/product"}],"replies":[{"embeddable":true,"href":"https:\/\/pvcjumprope.com\/de\/wp-json\/wp\/v2\/comments?post=1132"}],"wp:featuredmedia":[{"embeddable":true,"href":"https:\/\/pvcjumprope.com\/de\/wp-json\/wp\/v2\/media\/1133"}],"wp:attachment":[{"href":"https:\/\/pvcjumprope.com\/de\/wp-json\/wp\/v2\/media?parent=1132"}],"wp:term":[{"taxonomy":"product_brand","embeddable":true,"href":"https:\/\/pvcjumprope.com\/de\/wp-json\/wp\/v2\/product_brand?post=1132"},{"taxonomy":"product_cat","embeddable":true,"href":"https:\/\/pvcjumprope.com\/de\/wp-json\/wp\/v2\/product_cat?post=1132"},{"taxonomy":"product_tag","embeddable":true,"href":"https:\/\/pvcjumprope.com\/de\/wp-json\/wp\/v2\/product_tag?post=1132"}],"curies":[{"name":"wp","href":"https:\/\/api.w.org\/{rel}","templated":true}]}}