{"id":1130,"date":"2025-07-06T02:25:51","date_gmt":"2025-07-06T02:25:51","guid":{"rendered":"https:\/\/pvcjumprope.com\/?post_type=product&#038;p=1130"},"modified":"2025-07-15T01:32:44","modified_gmt":"2025-07-15T01:32:44","slug":"boxing-pvc-jump-rope","status":"publish","type":"product","link":"https:\/\/pvcjumprope.com\/de\/product\/boxing-pvc-jump-rope","title":{"rendered":"Box-Springseil aus PVC mit verstellbarer L\u00e4nge und rutschfesten Griffen"},"content":{"rendered":"<h2>Hauptmerkmale des Boxing PVC Springseils<\/h2>\n<p>Die <strong>PVCJumpRope.com Boxing PVC Springseil<\/strong> ist so konzipiert, dass es den hohen Standards des professionellen Boxtrainings entspricht. Entwickelt f\u00fcr Geschwindigkeit, Haltbarkeit und Komfort, ist dieses Springseil ein unverzichtbares Werkzeug f\u00fcr Boxer, die Beweglichkeit und Ausdauer verbessern m\u00f6chten.<\/p>\n<p><strong>Robustes PVC-Kabel<\/strong><\/p>\n<ul>\n<li><strong>L\u00e4nge<\/strong> 300 cm (verstellbar f\u00fcr alle K\u00f6rpergr\u00f6\u00dfen und F\u00e4higkeitsstufen)<\/li>\n<li><strong>Durchmesser:<\/strong> 5,0 mm, bietet das perfekte Gleichgewicht zwischen Gewicht und Flexibilit\u00e4t<\/li>\n<li>Hergestellt aus hochwertigem <strong>PVC-Kabel<\/strong>, sorgt f\u00fcr Verschlei\u00dffestigkeit und reibungslose Rotation f\u00fcr schnelle Seilspr\u00fcnge<\/li>\n<\/ul>\n<p><strong>Ergonomische rutschfeste Griffe<\/strong><\/p>\n<ul>\n<li><strong>Gr\u00f6\u00dfere Griffgr\u00f6\u00dfe:<\/strong> 133,5 mm L\u00e4nge x 22,22 mm Durchmesser f\u00fcr angenehmen Halt<\/li>\n<li>Leichte PP-Griffe, die nur 13,49 g wiegen, reduzieren die Handerm\u00fcdung bei l\u00e4ngeren Trainingseinheiten<\/li>\n<li>Entwickelt mit einem <strong>rutschfesten Oberfl\u00e4che<\/strong> um einen sicheren Griff zu gew\u00e4hrleisten, auch wenn die H\u00e4nde schwitzen<\/li>\n<\/ul>\n<p><strong>Professionelles Design f\u00fcr Geschwindigkeit und Kontrolle<\/strong><\/p>\n<ul>\n<li>Ausgestattet mit einem <strong>Kunststoffverschluss<\/strong> f\u00fcr einen schnellen und unkomplizierten Kabelwechsel oder -einstellung<\/li>\n<li>Die ausgewogene Konstruktion unterst\u00fctzt fortgeschrittene Techniken wie Double-Unders und schnelle Fu\u00dfarbeits\u00fcbungen<\/li>\n<li>Die reibungslose Rotation tr\u00e4gt zur Maximierung der Geschwindigkeit bei und macht es zu einem idealen <strong>Box-Springseil f\u00fcr Geschwindigkeit<\/strong> f\u00fcr Profisportler und Trainingsbegeisterte<\/li>\n<\/ul>\n<p><strong>Leicht und tragbar<\/strong><\/p>\n<ul>\n<li>Das kombinierte Gesamtgewicht gew\u00e4hrleistet m\u00fchelose Kontrolle und einfachen Transport<\/li>\n<li>Perfekt f\u00fcr das Fitnessstudio, zu Hause oder f\u00fcr Trainingseinheiten im Freien, um die Anforderungen von Boxern zu erf\u00fcllen, die Effizienz und Zuverl\u00e4ssigkeit suchen<\/li>\n<\/ul>\n<p>Diese Hauptmerkmale positionieren das <strong>PVCJumpRope.com PVC-Springseil<\/strong> als ein effektives, anpassbares und haltbares Werkzeug f\u00fcr Boxer, die ihre Fu\u00dfarbeit, Ausdauer und allgemeine Boxleistung verbessern m\u00f6chten.<\/p>\n<h2>Produktbeschreibung Box-PVC-Springseil<\/h2>\n<p>Unser <strong>Box-PVC-Springseil<\/strong> wurde f\u00fcr ernsthaftes Training mit Funktionen entwickelt, die den Bed\u00fcrfnissen von Boxern und Fitnessbegeisterten gleicherma\u00dfen entsprechen. Hergestellt mit einem haltbaren <strong>PVC-Kabel-Springseil<\/strong> das 300 cm lang und 5,0 mm im Durchmesser misst, bietet es die perfekte Balance zwischen St\u00e4rke und Geschwindigkeit. Die L\u00e4nge und Dicke des Kabels machen es zu einem ausgezeichneten <strong>schnellen Seil f\u00fcr das Boxtraining<\/strong> und hilft Ihnen, schnelle Fu\u00dfarbeit aufzubauen und die Hand-Auge-Koordination zu verbessern.<\/p>\n<p>Die Griffe bestehen aus robustem PP-Material und messen jeweils 133,5 mm x 22,22 mm, was einen bequemen Griff bietet, ohne unn\u00f6tiges Gewicht hinzuzuf\u00fcgen. Mit einem Gewicht von nur 13,49 Gramm pro Griff <strong>leichtes PVC-Springseil<\/strong> unterst\u00fctzt es l\u00e4ngere Trainingseinheiten, ohne Erm\u00fcdung zu verursachen. Das <strong>rutschfeste Griff-Springseil<\/strong> Design sorgt f\u00fcr einen sicheren Halt auch bei den intensivsten Box\u00fcbungen.<\/p>\n<p>Hochgradig verstellbar, das Seil verf\u00fcgt \u00fcber Kunststoffschnallen, die eine einfache Anpassung der L\u00e4nge erm\u00f6glichen, was es zu einem perfekten <strong>verstellbares Boxsprungseil<\/strong> Geeignet f\u00fcr Nutzer aller K\u00f6rpergr\u00f6\u00dfen. Diese Funktion tr\u00e4gt auch dazu bei, die Technik zu verbessern, indem Sie das Seil entsprechend Ihrem Trainingsstil feinjustieren k\u00f6nnen.<\/p>\n<p>Egal, ob Sie f\u00fcr Ausdauer, Geschwindigkeit oder Koordination trainieren, die PVCJumpRope.com <strong>Training mit Springseil f\u00fcr Boxer<\/strong> liefert zuverl\u00e4ssige Leistung. Sein professionelles Design unterst\u00fctzt schnelle Rotationen und sanfte Schw\u00fcnge, was es zu einer der besten Wahlm\u00f6glichkeiten f\u00fcr einen <strong>Professionelles Boxsprungseil<\/strong> auf dem deutschen Markt.<\/p>\n<h2>Vorteile des Boxtrainings mit PVC-Sprungseil<\/h2>\n<p>Verwendung eines <strong>Box-PVC-Springseil<\/strong> Ist eine Revolution f\u00fcr jeden Boxer, der seine F\u00e4higkeiten und Kondition verbessern m\u00f6chte. Dieses Trainings-Sprungseil f\u00fcr Boxer zielt auf wichtige Bereiche ab, die im Ring entscheidend sind. So hilft es:<\/p>\n<h3>Geschwindigkeit und Beweglichkeit verbessern<\/h3>\n<p>Die <strong>Box-Springseil f\u00fcr Geschwindigkeit<\/strong> Mit einem leichten PVC-Kabel erm\u00f6glicht schnelle Drehungen, was sich in schnelleren Fu\u00dfarbeit und Handgeschwindigkeit niederschl\u00e4gt. Das \u00dcben mit einem <strong>schnellen Seil f\u00fcr das Boxtraining<\/strong> hilft, die Reflexe zu sch\u00e4rfen, wodurch deine Bewegungen sch\u00e4rfer und pr\u00e4ziser werden.<\/p>\n<h3>Steigere Ausdauer und Leistungsf\u00e4higkeit<\/h3>\n<p>Das konsequente Seilspringen baut die kardiovaskul\u00e4re Ausdauer auf. Dieses <strong>Ausdauer-Springseil f\u00fcr Boxen<\/strong> H\u00e4lt Sie in Bewegung, verbessert die Herzgesundheit, die Lungenkapazit\u00e4t und die allgemeine Ausdauer\u2014entscheidende Faktoren, um lange Runden im Ring durchzuhalten.<\/p>\n<h3>Verbessere Koordination und Fu\u00dfarbeit<\/h3>\n<p>Der rhythmische Bewegungsablauf des <strong>verstellbares Boxsprungseil<\/strong> Trainiert die Hand-Auge-Koordination und das Timing. Dies verbessert die F\u00e4higkeit, das Gleichgewicht zu halten, das Gewicht zu verlagern und Schl\u00e4ge effizient auszuweichen, was alles entscheidend f\u00fcr einen effektiven Box-Fu\u00dfarbeit ist.<\/p>\n<h3>Muskeltonus und Kraft entwickeln<\/h3>\n<p>Regelm\u00e4\u00dfiges Seilspringen mit einem langlebigen <strong>PVC-Kabel-Springseil<\/strong> strafft Ihre Waden, Schultern, Unterarme und den Kern. Das <strong>Professionelles Boxsprungseil<\/strong> Design bietet Widerstand, der die beim Boxen verwendeten Muskeln st\u00e4rkt, ohne unn\u00f6tiges Volumen aufzubauen.<\/p>\n<h3>Mentale Konzentration und Disziplin verbessern<\/h3>\n<p>Seilspringen erfordert Konzentration und Best\u00e4ndigkeit. Die Integration des <strong>rutschfeste Griff-Springseil<\/strong> in Ihre Routine hilft, mentale St\u00e4rke, Fokus und Rhythmus zu entwickeln, was sich alles in einer besseren Ringleistung widerspiegelt.<\/p>\n<p>Die Verwendung der <strong>PVCJumpRope.com PVC-Springseil<\/strong>, Sie erhalten ein zuverl\u00e4ssiges, langlebiges Werkzeug, das speziell auf die Trainingsbed\u00fcrfnisse im Boxen abgestimmt ist. Es unterst\u00fctzt alle Niveaus, egal ob Sie an Geschwindigkeit, Ausdauer oder Koordination arbeiten.<\/p>\n<p>F\u00fcr weitere Details, wie Sie die richtige L\u00e4nge Ihres Springseils f\u00fcr das Boxtraining messen, schauen Sie sich unseren <a href=\"https:\/\/pvcjumprope.com\/de\/how-to-measure-jump-rope-length.html\/\">Springseil-L\u00e4ngenf\u00fchrer<\/a>.<\/p>\n<h2>Technische Spezifikationen des Box-PVC-Springseils<\/h2>\n<h3>Robustes PVC-Kabel<\/h3>\n<p>Unser <strong>Box-PVC-Springseil<\/strong> verf\u00fcgt \u00fcber ein hochwertiges <strong>PVC-Kabel<\/strong> das misst <strong>300 cm in der L\u00e4nge<\/strong> und einen Durchmesser von <strong>5,0 mm<\/strong>hat. Diese Gr\u00f6\u00dfe ist ideal f\u00fcr schnelle, gleichm\u00e4\u00dfige Drehungen und somit perfekt geeignet f\u00fcr <strong>Box-Springseil f\u00fcr Geschwindigkeit<\/strong> schnelles Fu\u00dfarbeitstraining und Ausdauertraining.<\/p>\n<h3>Leichte Griffe<\/h3>\n<p>Das Springseil ist ausgestattet mit <strong>PP (Polypropylen) Griffe<\/strong> Gr\u00f6\u00dfen <strong>133,5 mm mal 22,22 mm<\/strong>, die einen festen aber leichten Griff bieten. Jeder Griff wiegt nur <strong>13,49 Gramm<\/strong>, was hilft, die Handerm\u00fcdung bei langen Trainingseinheiten zu reduzieren. Die Griffe verf\u00fcgen \u00fcber ein <strong>Innendurchmesser der \u00d6ffnung von 8,5 mm<\/strong>, das so gestaltet ist, dass das Kabel leicht passt und eine reibungslose Rotation erm\u00f6glicht.<\/p>\n<h3>Verstellbare L\u00e4nge und sicherer Halt<\/h3>\n<p>Dies ist ein <strong>verstellbares Boxsprungseil<\/strong>, mit dem Sie die L\u00e4nge an Ihre K\u00f6rpergr\u00f6\u00dfe und Ihren Sprungstil anpassen k\u00f6nnen. Es wird mit <strong>2 Kunststoffschnellverschl\u00fcssen<\/strong>geliefert, die sicherstellen, dass das Kabel fest an Ort und Stelle bleibt, sodass Sie sich w\u00e4hrend des Trainings keine Sorgen um st\u00e4ndiges Nachjustieren machen m\u00fcssen.<\/p>\n<h3>Anti-Rutsch-Griff f\u00fcr Kontrolle<\/h3>\n<p>Entwickelt mit einem <strong>rutschfeste Griff-Springseil<\/strong> Design, bieten diese Griffe hervorragende Kontrolle, selbst wenn Ihre H\u00e4nde schwitzen. Dieses Merkmal ist essenziell, um w\u00e4hrend schneller Boxtrainingseinheiten eine gleichm\u00e4\u00dfige Geschwindigkeit und Pr\u00e4zision zu gew\u00e4hrleisten.<\/p>\n<h3>Leicht und tragbar<\/h3>\n<p>Die Gesamtkonstruktion macht dieses Springseil \u00e4u\u00dferst tragbar und einfach zu transportieren. Ob Sie zu Hause, im Fitnessstudio oder im Freien trainieren, das <strong>leichtes PVC-Springseil<\/strong> passt bequem in jede Turntasche, ohne aufzutragen.<\/p>\n<p><strong> Technische Details<\/strong><\/p>\n<table>\n<thead>\n<tr>\n<th>Merkmal<\/th>\n<th>Spezifikation<\/th>\n<\/tr>\n<\/thead>\n<tbody>\n<tr>\n<td>Kabel\u00e4nge<\/td>\n<td>300 cm<\/td>\n<\/tr>\n<tr>\n<td>Kabeldurchmesser<\/td>\n<td>5,0 mm<\/td>\n<\/tr>\n<tr>\n<td>Kabelmaterial<\/td>\n<td>PVC<\/td>\n<\/tr>\n<tr>\n<td>Griffmaterial<\/td>\n<td>PP (Polypropylen)<\/td>\n<\/tr>\n<tr>\n<td>Griffma\u00dfe<\/td>\n<td>133,5 x 22,22 mm<\/td>\n<\/tr>\n<tr>\n<td>Gewicht des Griffs<\/td>\n<td>je 13,49 g<\/td>\n<\/tr>\n<tr>\n<td>Innendurchmesser des Lochs<\/td>\n<td>8,5 mm<\/td>\n<\/tr>\n<tr>\n<td>Einstellmechanismus<\/td>\n<td>2 Kunststoffschnallen<\/td>\n<\/tr>\n<tr>\n<td>Hauptmerkmale<\/td>\n<td>Anti-Rutsch-Griff, leicht, verstellbar<\/td>\n<\/tr>\n<\/tbody>\n<\/table>\n<p>Dieses professionell ausgestattete Set sorgt daf\u00fcr, dass <strong>PVCJumpRope.com PVC-Springseil<\/strong> zuverl\u00e4ssige Leistung und Langlebigkeit bietet, perfekt f\u00fcr Boxer aller Erfahrungsstufen, die eine <strong>Training mit Springseil f\u00fcr Boxer<\/strong> ist sowohl schnell als auch widerstandsf\u00e4hig.<\/p>\n<h2>Warum PVCJumpRope.com Boxen PVC Springseil w\u00e4hlen<\/h2>\n<p>Wenn es darum geht, das richtige <strong>Box-Springseil f\u00fcr Geschwindigkeit<\/strong>, PVCJumpRope.com hebt sich hervor, weil wir uns auf Qualit\u00e4t, Leistung und Ihre Trainingsbed\u00fcrfnisse konzentrieren. Hier ist warum die <strong>PVCJumpRope.com PVC-Springseil<\/strong> die kluge Wahl f\u00fcr Boxer und Fitnessbegeisterte in Deutschland ist:<\/p>\n<h3>Pr\u00e4zision f\u00fcr das Boxtraining gefertigt<\/h3>\n<p>PVCJumpRope.com ist ein vertrauensw\u00fcrdiger <strong>Springseilhersteller<\/strong> Spezialist f\u00fcr <strong>professionelle Boxspringseile<\/strong> entwickelt f\u00fcr ernsthafte Athleten. Unser <strong>PVC-Kabel-Springseil<\/strong> ist mit einem langlebigen Kabel mit einem Durchmesser von 5,0 mm gebaut, das schnelle, gleichm\u00e4\u00dfige Drehungen gew\u00e4hrleistet und gleichzeitig eine hervorragende Kontrolle bietet. Das leichte Design hilft Ihnen, Geschwindigkeit zu halten, ohne sich schwer zu f\u00fchlen \u2014 perfekt f\u00fcr intensive Trainingseinheiten.<\/p>\n<h3>Verstellbare und bequeme Griffe<\/h3>\n<p>Unser <strong>Training mit Springseil f\u00fcr Boxer<\/strong> verf\u00fcgt \u00fcber einen PP-Griff mit den Ma\u00dfen 133,5\u00d722,22 mm und einer rutschfesten Oberfl\u00e4che. Dies hilft Ihnen, die Kontrolle auch bei schwei\u00dftreibenden Workouts zu behalten. Au\u00dferdem passen die Griffe mit einem Innendurchmesser von 8,5 mm und wiegen jeweils nur 13,49 g, was das gesamte Seil ausbalanciert und leicht zu man\u00f6vrieren macht. Sie k\u00f6nnen die L\u00e4nge perfekt an Ihre K\u00f6rpergr\u00f6\u00dfe anpassen, was es zu einem idealen <strong>verstellbares Boxsprungseil<\/strong> f\u00fcr Nutzer aller Gr\u00f6\u00dfen macht.<\/p>\n<h3>F\u00fcr Ausdauer und Geschwindigkeit gebaut<\/h3>\n<p>Egal, ob Sie an schnellem Fu\u00dfarbeit oder an der Steigerung Ihrer Ausdauer arbeiten, das PVCJumpRope.com-Seil ist ein zuverl\u00e4ssiges <strong>Ausdauer-Springseil f\u00fcr Boxen<\/strong>Das glatte Kunststoffverschluss erm\u00f6glicht einen einfachen Kabelaustausch oder eine Anpassung, sodass Ihr Seil mit Ihrem Fortschritt Schritt h\u00e4lt.<\/p>\n<h3>Engagement f\u00fcr Qualit\u00e4t und OEM\/ODM-Optionen<\/h3>\n<p>Als Hersteller kontrolliert PVCJumpRope.com jeden Schritt des Produktionsprozesses, um eine gleichbleibende Qualit\u00e4t zu garantieren. Wir bieten auch <strong>OEM\/ODM-Dienstleistungen<\/strong>an, was bedeutet, dass Sie individuelle Markenbildung oder Anpassungen erhalten k\u00f6nnen, wenn Sie Ihren Fitnessraum ausstatten oder unter Ihrer eigenen Marke verkaufen m\u00f6chten.<\/p>\n<p>Die Wahl der <strong>PVCJumpRope.com Boxsack PVC Springseil<\/strong> bedeutet, Ausr\u00fcstung zu bekommen, die speziell f\u00fcr das Boxen entwickelt wurde, mit Augenmerk auf Haltbarkeit, Geschwindigkeit und Benutzerkomfort. Es ist mehr als ein Springseil \u2014 es ist ein Werkzeug, das Ihnen hilft, intelligenter zu trainieren und Ihre beste Leistung zu erbringen.<\/p>\n<h2>Kundenbewertungen und Testimonials f\u00fcr Boxsack PVC Springseil<\/h2>\n<p>Wenn es darum geht, eine <strong>Box-Springseil f\u00fcr Geschwindigkeit<\/strong> oder ein <strong>leichtes PVC-Springseil<\/strong>, von echten Nutzern zu h\u00f6ren, macht den Unterschied. Unsere Kunden heben konsequent die <strong>PVCJumpRope.com PVC-Springseil<\/strong> f\u00fcr seine Leistung im Boxtraining und seine allgemeine Haltbarkeit hervor.<\/p>\n<h3>Was Boxer sagen<\/h3>\n<ul>\n<li><strong>\u201ePerfekt f\u00fcr schnelles Training\u201c<\/strong> \u2013 Viele Nutzer loben das <strong>schnellen Seil f\u00fcr das Boxtraining<\/strong> weil es sich gleichm\u00e4\u00dfig dreht und ihnen hilft, ihre Fu\u00dfarbeit und Handgeschwindigkeit schnell zu verbessern.<\/li>\n<li><strong>\u201eVerstellbare und bequeme Griffe\u201c<\/strong> \u2013 Das <strong>rutschfeste Griff-Springseil<\/strong> Design erh\u00e4lt h\u00e4ufig positives Feedback, weil es w\u00e4hrend intensiver Workouts einen sicheren Griff bietet.<\/li>\n<li><strong>\u201eGro\u00dfartig f\u00fcr Ausdauer und Koordination\u201c<\/strong> \u2013 Boxer erw\u00e4hnen, dass die Dicke und das Gewicht des Springseils (PVC-Kabel mit 5,0 mm Durchmesser) ein perfektes Gleichgewicht f\u00fcr den Aufbau von Ausdauer ohne zu schwer zu sein, darstellen.<\/li>\n<\/ul>\n<h3>Endorsements f\u00fcr professionelles Training<\/h3>\n<p><strong>Professionelle Boxspringseil-Nutzer<\/strong> und Trainer empfehlen dieses Seil, weil es unterst\u00fctzt:<\/p>\n<ul>\n<li><strong>Konstante Geschwindigkeit und Rhythmus<\/strong><\/li>\n<li>Einfache L\u00e4ngenanpassungen, um alle Gr\u00f6\u00dfen zu passen<\/li>\n<li>Langlebiges PVC-Kabel, das Verschlei\u00df und Abnutzung widersteht<\/li>\n<\/ul>\n<h3>H\u00f6hepunkte von verifizierten Kunden<\/h3>\n<ul>\n<li>&#8220;<em>Ich habe mehrere Springseile benutzt, aber PVCJumpRope.com hebt sich durch seine reibungslose Rotation und das leichte Gef\u00fchl hervor. Es ist mein bevorzugtes Trainingsspringseil f\u00fcrs Boxen.<\/em>&#8220;<\/li>\n<li>&#8220;<em>Der Kunststoffverschluss ist robust und h\u00e4lt das Kabel fest. Au\u00dferdem deckt die L\u00e4nge von 300 cm meine K\u00f6rpergr\u00f6\u00dfe perfekt ab.<\/em>&#8220;<\/li>\n<li>&#8220;<em>Dieses Seil hat mir geholfen, meine Ausdauer und mein Timing zu verbessern. Die Griffe rutschen nicht, selbst wenn meine H\u00e4nde schwitzen.<\/em>&#8220;<\/li>\n<\/ul>\n<p>Diese Bewertungen spiegeln wider, warum <strong>PVCJumpRope.com PVC-Springseil<\/strong> von Boxern aller Erfahrungsstufen vertraut wird, die nach einem zuverl\u00e4ssigen, langlebigen und verstellbaren Trainingsspringseil suchen.<\/p>\n<p>F\u00fcr weitere Details, warum Springseil f\u00fcr das Boxtraining unerl\u00e4sslich ist, kannst du unseren Leitfaden zu <a href=\"https:\/\/pvcjumprope.com\/de\/why-do-boxers-jump-rope.html\/\">warum Boxer Springseil springen<\/a> und andere hochwertige Optionen in unserem <a href=\"https:\/\/pvcjumprope.com\/de\/shop\">Gesch\u00e4ft<\/a>.<\/p>\n<h2>FAQs zum PVC-Springseil f\u00fcrs Boxen<\/h2>\n<p><img decoding=\"async\" src=\"https:\/\/pvcjumprope.com\/wp-content\/uploads\/2025\/07\/AI_content_generation_benefits_x0D.webp\" alt=\"Vorteile der KI-Inhaltserstellung\" \/><\/p>\n<h3>Was macht das PVCJumpRope.com PVC-Springseil ideal f\u00fcr das Boxtraining<\/h3>\n<p>Die <strong>PVCJumpRope.com PVC-Springseil<\/strong> ist mit einem leichten PVC-Kabel und <strong>Anti-Rutsch-Griffe<\/strong>entwickelt, was es perfekt f\u00fcr schnelle Boxeinheiten macht. Seine verstellbare L\u00e4nge passt f\u00fcr alle K\u00f6rpergr\u00f6\u00dfen und bietet ein <strong>Professionelles Boxsprungseil<\/strong> Erlebnis.<\/p>\n<h3>Wie stelle ich die L\u00e4nge des PVC-Springseils ein<\/h3>\n<p>Das Anpassen der L\u00e4nge ist einfach. Das Seil wird mit Kunststoffverschl\u00fcssen geliefert, mit denen du das Kabel schnell k\u00fcrzen oder verl\u00e4ngern kannst. Diese Anpassung sorgt f\u00fcr eine ideale Passform f\u00fcr deine K\u00f6rpergr\u00f6\u00dfe und dein Training.<\/p>\n<h3>Ist dieses Springseil f\u00fcr Anf\u00e4nger und Profis geeignet<\/h3>\n<p>Ja. Egal, ob du neu im Boxen bist oder ein erfahrener Boxer, dieses <strong>Training mit Springseil f\u00fcr Boxer<\/strong> ist darauf ausgelegt, deine Geschwindigkeit, Ausdauer und Koordination zu verbessern, dank seiner reibungslosen Rotation und langlebigen Materialien.<\/p>\n<h3>Wie lang ist das PVC-Kabel und wie dick ist es<\/h3>\n<p>Die Kabell\u00e4nge betr\u00e4gt <strong>300 cm (ca. 9,8 ft)<\/strong>, und der Durchmesser betr\u00e4gt <strong>5,0 mm<\/strong>. Diese Dicke verbindet Haltbarkeit mit dem leichten Gef\u00fchl, das f\u00fcr schnelles Springen erforderlich ist.<\/p>\n<h3>Wie schwer sind die Springseilgriffe<\/h3>\n<p>Jeder Griff wiegt <strong>13,49 Gramm<\/strong>, gefertigt aus PP-Material f\u00fcr Komfort und festen Halt w\u00e4hrend intensiver Trainingseinheiten.<\/p>\n<h3>Kann ich dieses Springseil f\u00fcr Outdoor-Workouts verwenden<\/h3>\n<p>Ja, das langlebige PVC-Kabel ist widerstandsf\u00e4hig gegen Abrieb und Witterungsbedingungen, was es f\u00fcr Indoor- und Outdoor-Training geeignet macht.<\/p>\n<h3>Was macht dieses Springseil zu einem schnellen Seil f\u00fcrs Boxen<\/h3>\n<p>Die glatte Rotation des PVC-Kabels in Kombination mit <strong>Anti-Rutsch-Griffe<\/strong> maximiert Geschwindigkeit und Kontrolle, was Ihnen hilft, Fu\u00dfarbeit und Punch-Timing zu verbessern.<\/p>\n<h3>Unterst\u00fctzt es OEM- oder individuelle Designs<\/h3>\n<p>PVCJumpRope.com bietet OEM\/ODM-Dienstleistungen f\u00fcr Kunden, die eine individuelle Markenbildung oder spezielle Modifikationen an den Springseilen w\u00fcnschen.<\/p>\n<h3>Ist der PVC-Griff w\u00e4hrend langer Sessions bequem zu halten<\/h3>\n<p>Absolut. Das <strong>PP-Griffe<\/strong> sind ergonomisch gestaltet f\u00fcr einen bequemen Griff, reduzieren die Handerm\u00fcdung auch bei l\u00e4ngeren Trainingseinheiten.<\/p>\n<h3>Wie verbessert dieses Springseil die Ausdauer beim Boxen<\/h3>\n<p>Indem es zu konstanten, schnellen und effizienten Spr\u00fcngen anregt, f\u00f6rdert es die kardiovaskul\u00e4re Fitness, Fu\u00dfgeschwindigkeit und Muskelausdauer \u2013 entscheidend f\u00fcr die Box-Ausdauer.<\/p>\n<p>Wenn Sie weitere Fragen zu dem <strong>Box-Springseil f\u00fcr Geschwindigkeit<\/strong> oder seinen Funktionen haben, z\u00f6gern Sie nicht, uns zu kontaktieren. Wir sind hier, um Ihnen zu helfen, das Beste aus Ihrer Trainingsausr\u00fcstung herauszuholen.<\/p>\n<h2>Holen Sie sich noch heute Ihr PVC-Boxspringseil<\/h2>\n<p>Bereit, dein Boxtraining auf die n\u00e4chste Stufe zu heben? Das <strong>PVCJumpRope.com Boxing PVC Springseil<\/strong> ist gebaut f\u00fcr Geschwindigkeit, Haltbarkeit und Komfort\u2014perfekt f\u00fcr Boxer aller F\u00e4higkeiten. Ob du dich aufw\u00e4rmst, an deiner Fu\u00dfarbeit arbeitest oder deine Ausdauer steigerst, dieses <strong>leichtes PVC-Springseil<\/strong> ist Ihr bevorzugtes Werkzeug.<\/p>\n<p><strong>Gib dich nicht mit weniger zufrieden.<\/strong> W\u00e4hle ein <strong>Professionelles Boxsprungseil<\/strong> das verstellbar ist, rutschfeste Griffe hat und ein glattes PVC-Kabel f\u00fcr schnelle, gleichm\u00e4\u00dfige Drehungen verwendet. Es ist darauf ausgelegt, mit deinen h\u00e4rtesten Workouts mitzuhalten und dir zu helfen, schnell Fortschritte zu machen.<\/p>\n<h3>Warum warten?<\/h3>\n<ul>\n<li><strong>Bestelle jetzt deinen PVCJumpRope.com PVC-Springseil<\/strong> und erlebe die perfekte Kombination aus Qualit\u00e4t und Leistung.<\/li>\n<li>Nutze unsere OEM\/ODM-Optionen, wenn du ein individuelles Design m\u00f6chtest.<\/li>\n<li>Schlie\u00dfe dich Tausenden gl\u00fccklicher Boxer an, die auf unser Springseil f\u00fcr ihr t\u00e4gliches Training vertrauen.<\/li>\n<\/ul>\n<p>Mache deine Boxtrainings schneller, reibungsloser und effektiver mit dem besten <strong>Training mit Springseil f\u00fcr Boxer<\/strong> auf dem Markt. Klicke auf \u201eIn den Warenkorb\u201c und spring heute zum Sieg!<\/p>","protected":false},"excerpt":{"rendered":"<p>Strapazierf\u00e4higes PVC-Box-Springseil mit verstellbarer L\u00e4nge, Hochgeschwindigkeits-Kugellagern und rutschfesten Griffen f\u00fcr Profi-Training und Ausdauer-Workouts.<\/p>","protected":false},"featured_media":1128,"comment_status":"open","ping_status":"closed","template":"","meta":{"site-sidebar-layout":"default","site-content-layout":"","ast-site-content-layout":"default","site-content-style":"default","site-sidebar-style":"default","ast-global-header-display":"","ast-banner-title-visibility":"","ast-main-header-display":"","ast-hfb-above-header-display":"","ast-hfb-below-header-display":"","ast-hfb-mobile-header-display":"","site-post-title":"","ast-breadcrumbs-content":"","ast-featured-img":"","footer-sml-layout":"","theme-transparent-header-meta":"default","adv-header-id-meta":"","stick-header-meta":"","header-above-stick-meta":"","header-main-stick-meta":"","header-below-stick-meta":"","astra-migrate-meta-layouts":"set","ast-page-background-enabled":"default","ast-page-background-meta":{"desktop":{"background-color":"var(--ast-global-color-5)","background-image":"","background-repeat":"repeat","background-position":"center center","background-size":"auto","background-attachment":"scroll","background-type":"","background-media":"","overlay-type":"","overlay-color":"","overlay-opacity":"","overlay-gradient":""},"tablet":{"background-color":"","background-image":"","background-repeat":"repeat","background-position":"center center","background-size":"auto","background-attachment":"scroll","background-type":"","background-media":"","overlay-type":"","overlay-color":"","overlay-opacity":"","overlay-gradient":""},"mobile":{"background-color":"","background-image":"","background-repeat":"repeat","background-position":"center center","background-size":"auto","background-attachment":"scroll","background-type":"","background-media":"","overlay-type":"","overlay-color":"","overlay-opacity":"","overlay-gradient":""}},"ast-content-background-meta":{"desktop":{"background-color":"var(--ast-global-color-4)","background-image":"","background-repeat":"repeat","background-position":"center center","background-size":"auto","background-attachment":"scroll","background-type":"","background-media":"","overlay-type":"","overlay-color":"","overlay-opacity":"","overlay-gradient":""},"tablet":{"background-color":"var(--ast-global-color-4)","background-image":"","background-repeat":"repeat","background-position":"center center","background-size":"auto","background-attachment":"scroll","background-type":"","background-media":"","overlay-type":"","overlay-color":"","overlay-opacity":"","overlay-gradient":""},"mobile":{"background-color":"var(--ast-global-color-4)","background-image":"","background-repeat":"repeat","background-position":"center center","background-size":"auto","background-attachment":"scroll","background-type":"","background-media":"","overlay-type":"","overlay-color":"","overlay-opacity":"","overlay-gradient":""}}},"product_brand":[],"product_cat":[24],"product_tag":[26],"class_list":{"0":"post-1130","1":"product","2":"type-product","3":"status-publish","4":"has-post-thumbnail","6":"product_cat-pvc-jump-rope","7":"product_tag-adjustable-pvc-jump-rope","8":"desktop-align-left","9":"tablet-align-left","10":"mobile-align-left","12":"first","13":"instock","14":"shipping-taxable","15":"purchasable","16":"product-type-simple"},"_links":{"self":[{"href":"https:\/\/pvcjumprope.com\/de\/wp-json\/wp\/v2\/product\/1130","targetHints":{"allow":["GET"]}}],"collection":[{"href":"https:\/\/pvcjumprope.com\/de\/wp-json\/wp\/v2\/product"}],"about":[{"href":"https:\/\/pvcjumprope.com\/de\/wp-json\/wp\/v2\/types\/product"}],"replies":[{"embeddable":true,"href":"https:\/\/pvcjumprope.com\/de\/wp-json\/wp\/v2\/comments?post=1130"}],"wp:featuredmedia":[{"embeddable":true,"href":"https:\/\/pvcjumprope.com\/de\/wp-json\/wp\/v2\/media\/1128"}],"wp:attachment":[{"href":"https:\/\/pvcjumprope.com\/de\/wp-json\/wp\/v2\/media?parent=1130"}],"wp:term":[{"taxonomy":"product_brand","embeddable":true,"href":"https:\/\/pvcjumprope.com\/de\/wp-json\/wp\/v2\/product_brand?post=1130"},{"taxonomy":"product_cat","embeddable":true,"href":"https:\/\/pvcjumprope.com\/de\/wp-json\/wp\/v2\/product_cat?post=1130"},{"taxonomy":"product_tag","embeddable":true,"href":"https:\/\/pvcjumprope.com\/de\/wp-json\/wp\/v2\/product_tag?post=1130"}],"curies":[{"name":"wp","href":"https:\/\/api.w.org\/{rel}","templated":true}]}}