{"id":1031,"date":"2025-07-03T13:40:58","date_gmt":"2025-07-03T13:40:58","guid":{"rendered":"https:\/\/pvcjumprope.com\/?post_type=product&#038;p=1031"},"modified":"2025-07-15T01:32:45","modified_gmt":"2025-07-15T01:32:45","slug":"5mm-pvc-jump-rope","status":"publish","type":"product","link":"https:\/\/pvcjumprope.com\/de\/product\/5mm-pvc-jump-rope","title":{"rendered":"5mm PVC Springseil langlebig leichtgewichtige verstellbare Fitnessseil"},"content":{"rendered":"<h2>Produkt\u00fcbersicht des 5mm PVC-Springseils<\/h2>\n<p>Die <strong>5mm PVC Springseil<\/strong> von PVCJumpRope.com wird fachm\u00e4nnisch aus hochwertigem <strong>PVC-beschichtetem Kabel<\/strong>entwickelt, um die perfekte Kombination aus Geschwindigkeit, Haltbarkeit und Flexibilit\u00e4t zu bieten. Dieses dicke PVC-Fitnessspringseil ist ideal f\u00fcr eine Vielzahl von Aktivit\u00e4ten, einschlie\u00dflich Cardio-Workouts, CrossFit-Training und allgemeinen Fitnessroutinen. Egal, ob Anf\u00e4nger oder erfahrener Athlet, dieses Seil passt sich Ihren Bed\u00fcrfnissen an und hilft Ihnen, Ausdauer, Koordination und Beweglichkeit zu verbessern.<\/p>\n<p>PVCJumpRope.com ist ein vertrauensw\u00fcrdiger Name in der Herstellung von Springseilen, bekannt f\u00fcr die Kombination hochwertiger Materialien mit strengen Produktionsstandards. Jedes <strong>robuste PVC-Springseil<\/strong> von PVCJumpRope.com durchl\u00e4uft eine strenge Qualit\u00e4tskontrolle, um sicherzustellen, dass es langlebigen Anforderungen entspricht. Dieses Engagement garantiert ein Produkt, das intensiven Trainingseinheiten standh\u00e4lt und somit eine zuverl\u00e4ssige Wahl f\u00fcr Fitnessbegeisterte und Profis ist.<\/p>\n<p>Mit seinem <strong>verstellbaren L\u00e4nge<\/strong> und ergonomischem Design unterst\u00fctzt das PVCJumpRope.com 5mm PVC-Springseil effiziente, reibungslose Rotationen und ist somit ein unverzichtbares Werkzeug f\u00fcr alle, die ihre Herz-Kreislauf-Gesundheit verbessern und Trainingsergebnisse steigern m\u00f6chten.<\/p>\n<h2>Wichtige Merkmale des 5mm PVC-Springseils<\/h2>\n<p><img decoding=\"async\" src=\"https:\/\/pvcjumprope.com\/wp-content\/uploads\/2025\/07\/Adjustable_Premium_PVC_Jump_Rope_Vlg.webp\" alt=\"Verstellbares Premium PVC Springseil\" \/><\/p>\n<p>Unser <strong>5mm PVC Springseil<\/strong> ist darauf ausgelegt, die perfekte Balance zwischen Geschwindigkeit, Haltbarkeit und Komfort zu bieten\u2014ideal f\u00fcr Fitnessbegeisterte in Deutschland.<\/p>\n<h3>Optimale Dicke und Material<\/h3>\n<ul>\n<li><strong>Kabel mit 5 mm Durchmesser<\/strong> bietet die ideale Dicke, um eine hohe Drehgeschwindigkeit aufrechtzuerhalten, ohne die St\u00e4rke zu beeintr\u00e4chtigen.<\/li>\n<li>Hergestellt aus <strong>hochwertigem PVC<\/strong>, ist das Kabel sowohl flexibel als auch langlebig und h\u00e4lt intensiven CrossFit-Sessions oder t\u00e4glichen Cardio-Workouts stand.<\/li>\n<li>Die <strong>robuste PVC-Beschichtung<\/strong> hilft au\u00dferdem, Verknotungen zu verhindern und widersteht Abnutzung im Laufe der Zeit.<\/li>\n<\/ul>\n<h3>Bequeme und sichere Griffe<\/h3>\n<ul>\n<li>Merkmale <strong>ergonomisch gestaltete, rutschfeste Griffe<\/strong> f\u00fcr einen sicheren Griff, egal wie schwei\u00dftreibend dein Workout ist.<\/li>\n<li>Die Griffe sind aus hochwertigem Kunststoff gefertigt und mit einem Gummi-Griff versehen, um Kontrolle f\u00fcr gleichm\u00e4\u00dfige, fl\u00fcssige Spr\u00fcnge zu gew\u00e4hrleisten.<\/li>\n<\/ul>\n<h3>Verstellbare L\u00e4nge f\u00fcr alle Nutzer<\/h3>\n<ul>\n<li>Die L\u00e4nge kann leicht angepasst werden, um unterschiedliche K\u00f6rpergr\u00f6\u00dfen zu ber\u00fccksichtigen, was es ideal f\u00fcr Kinder, Jugendliche und Erwachsene macht.<\/li>\n<li>Diese Flexibilit\u00e4t bedeutet, dass du eine ma\u00dfgeschneiderte Passform erh\u00e4ltst, die Koordination und Technik verbessert.<\/li>\n<\/ul>\n<h3>Ausgewogene, leichte Konstruktion<\/h3>\n<ul>\n<li>Das Seil\u2019s <strong>leichtes Design<\/strong> f\u00f6rdert schnelle, effiziente Rotationen und minimiert Erm\u00fcdung, selbst bei l\u00e4ngeren Sitzungen.<\/li>\n<li>Perfekt ausbalanciert f\u00fcr Anf\u00e4nger, die die Grundlagen erlernen, und fortgeschrittene Nutzer, die sich auf Geschwindigkeitstraining konzentrieren.<\/li>\n<\/ul>\n<h3>Vielseitiger Einsatz bei Workouts<\/h3>\n<ul>\n<li>Ideal f\u00fcr <strong>Ausdauertraining, CrossFit, Geschwindigkeitstraining<\/strong>, und allgemeine Fitnessroutinen.<\/li>\n<li>Robust genug f\u00fcr den Einsatz im Fitnessstudio oder bei Outdoor-Sessions, was dir Flexibilit\u00e4t \u00fcberall beim Training bietet.<\/li>\n<\/ul>\n<p>Diese Kombination aus Eigenschaften macht das PVCJumpRope.com 5mm PVC-Sprungseil zu einem zuverl\u00e4ssigen, leistungsstarken Werkzeug, das verschiedene Fitnessziele und F\u00e4higkeitsstufen anspricht.<\/p>\n<p>F\u00fcr weitere Details zu unseren Qualit\u00e4tsstandards, siehe unseren <a href=\"https:\/\/pvcjumprope.com\/de\/quality-control\/\">Qualit\u00e4tskontrollprozess<\/a>.<\/p>\n<h2>Vorteile und Anwendung des 5mm PVC-Sprungseils<\/h2>\n<p>Die Verwendung der <strong>5mm PVC Springseil<\/strong> bietet regelm\u00e4\u00dfig gro\u00dfe Vorteile f\u00fcr dein Fitnessprogramm, egal ob du zuhause trainierst, ins Fitnessstudio gehst oder drau\u00dfen trainierst.<\/p>\n<h3>Steigert die Herz-Kreislauf-Gesundheit und Ausdauer<\/h3>\n<p>Das Seilspringen ist eine bew\u00e4hrte Cardio-Aktivit\u00e4t, die Herz und Lunge st\u00e4rkt. Das dicke, langlebige PVC-Kabel erm\u00f6glicht schnelle Rotationen bei gleichzeitiger glatter Schwungbewegung, was dir hilft <strong>Ausdauer und allgemeine kardiovaskul\u00e4re Fitness zu verbessern<\/strong>.<\/p>\n<h3>Verbessert Koordination, Beweglichkeit und Ausdauer<\/h3>\n<p>Dieses <strong>Crossfit PVC-Sprungseil<\/strong> sch\u00e4rft die Hand-Auge-Koordination und den Fu\u00dfarbeit. Das ausgewogene Gewicht und die ergonomischen Griffe erm\u00f6glichen schnelle, kontrollierte Bewegungen, was es ideal macht f\u00fcr <strong>Geschwindigkeitstraining und Beweglichkeits\u00fcbungen<\/strong>.<\/p>\n<h3>Vielseitig f\u00fcr jede Trainingsumgebung<\/h3>\n<p>Die <strong>verstellbares PVC-Sprungseil mit L\u00e4nge<\/strong> passt f\u00fcr alle K\u00f6rpergr\u00f6\u00dfen, was es perfekt f\u00fcr jeden macht. Ob Sie Indoor-Sitzungen oder Outdoor-Workouts bevorzugen, es ist ein <strong>tragbares und leichtes Seil<\/strong> das Sie \u00fcberall f\u00fcr einen schnellen Cardio-Schub leicht mitnehmen k\u00f6nnen.<\/p>\n<h3>Langlebiges, strapazierf\u00e4higes Material<\/h3>\n<p>Hergestellt aus hochwertigem PVC, dieses <strong>schwer belastbare PVC-Kabel-Sprungseil<\/strong> widersteht Abnutzung und Verschlei\u00df. Es h\u00e4lt regelm\u00e4\u00dfigem Gebrauch auf verschiedenen Oberfl\u00e4chen und in verschiedenen Jahreszeiten stand, was f\u00fcr <strong>langfristige Zuverl\u00e4ssigkeit<\/strong> sorgt, ohne auszurei\u00dfen oder zu brechen.<\/p>\n<h3>Perfekt f\u00fcr alle Fitnesslevels<\/h3>\n<p>Von Anf\u00e4ngern bis zu fortgeschrittenen Athleten, die 5mm Dicke bietet das richtige Gleichgewicht zwischen Geschwindigkeit und Haltbarkeit. Es ist ideal f\u00fcr Aufw\u00e4rmen, Fettverbrennung, Crossfit-Training oder allgemeine Fitness, und unterst\u00fctzt Ihre <strong>Gesundheitsziele ohne zus\u00e4tzliches Volumen<\/strong>.<\/p>\n<p>Durch die Wahl dieses <strong>5mm PVC-Fitness-Sprungseils<\/strong>investieren Sie in ein zuverl\u00e4ssiges, effektives Werkzeug, das nahtlos in Ihren aktiven Lebensstil passt und Ihre Workouts effizient und unterhaltsam gestaltet.<\/p>\n<h2>Produktspezifikationen des 5mm PVC-Sprungseils<\/h2>\n<h3>Kabeldurchmesser und Material<\/h3>\n<ul>\n<li><strong>5mm dickes PVC-Kabel<\/strong>: Hergestellt aus hochwertigem, flexiblem PVC, das Haltbarkeit und Geschwindigkeit ausbalanciert. Dies <strong>robustes PVC-Kabel-Sprungseil<\/strong> bietet langlebige Leistung, ohne bei reibungslosen Drehungen Kompromisse einzugehen.<\/li>\n<\/ul>\n<h3>Verstellbare L\u00e4nge<\/h3>\n<ul>\n<li><strong>L\u00e4nge verstellbar von 230 bis 280 cm<\/strong>: Einfach an alle K\u00f6rpergr\u00f6\u00dfen anpassbar, egal ob Sie zu Hause, im Fitnessstudio oder im Freien trainieren. Dies <strong>verstellbares PVC-Sprungseil mit L\u00e4nge<\/strong> sorgt f\u00fcr eine perfekte Passform f\u00fcr maximale Effizienz.<\/li>\n<\/ul>\n<h3>Griffmaterial und Griff<\/h3>\n<ul>\n<li><strong>Hochwertige Kunststoffgriffe<\/strong> mit <strong>gummierten, rutschfesten Griffen<\/strong>: Ergonomisch gestaltet, um Komfort und sicheren Halt w\u00e4hrend intensiver Cardio- oder CrossFit-Einheiten zu bieten. Die Griffe sind leicht, aber robust und ideal f\u00fcr l\u00e4ngeren Gebrauch ohne Handerm\u00fcdung.<\/li>\n<\/ul>\n<h3>Seill\u00e4nge<\/h3>\n<ul>\n<li><strong>Seill\u00e4nge ca. 120 Gramm<\/strong>: Ausgewogen f\u00fcr schnelle Drehungen und effektives Geschwindigkeitstraining bei gleichzeitiger Kontrolle durch den Nutzer. Dieses leichte Design macht es perfekt f\u00fcr Cardio-Workouts und Agilit\u00e4ts\u00fcbungen.<\/li>\n<\/ul>\n<h3>Farboptionen<\/h3>\n<ul>\n<li>Verf\u00fcgbar in <strong>klassischem Schwarz<\/strong> und <strong>lebendigem Rot<\/strong> Optionen, die zu Ihrem Trainingsstil und Ihren Vorlieben passen.<\/li>\n<\/ul>\n<h3>Verpackungsdetails<\/h3>\n<ul>\n<li>Kommt in <strong>umweltfreundlicher, kompakter Verpackung<\/strong> entwickelt f\u00fcr einfache Lagerung und Versand. Perfekt f\u00fcr den pers\u00f6nlichen Gebrauch oder Gro\u00dfbestellungen f\u00fcr Fitnessstudios und Einzelh\u00e4ndler.<\/li>\n<\/ul>\n<p>Entdecken Sie unser komplettes Sortiment an <a href=\"https:\/\/pvcjumprope.com\/de\/shop\">PVCJumpRope.com PVC-Springseilen<\/a> entwickelt mit h\u00f6chsten Qualit\u00e4tsstandards und gebaut f\u00fcr Leistung.<\/p>\n<h2>Warum PVCJumpRope.com 5mm PVC-Springseil w\u00e4hlen<\/h2>\n<p>Wenn Sie das <strong>PVCJumpRope.com 5mm PVC-Springseil<\/strong>w\u00e4hlen, entscheiden Sie sich f\u00fcr ein Produkt, das von einem erfahrenen Hersteller gebaut wurde, der bekannt ist f\u00fcr <strong>Qualit\u00e4t und Zuverl\u00e4ssigkeit<\/strong>. Mit jahrelanger Erfahrung in der Springseilbranche liefert PVCJumpRope.com <strong>langlebige, leistungsstarke Fitness-Seile<\/strong> zugeschnitten auf die Bed\u00fcrfnisse von Anf\u00e4ngern bis hin zu Leistungssportlern.<\/p>\n<h3>Bew\u00e4hrte Fertigungskompetenz<\/h3>\n<p>PVCJumpRope.com verwendet strenge Qualit\u00e4tskontrollma\u00dfnahmen w\u00e4hrend der gesamten Produktion, um sicherzustellen, dass jedes Springseil <strong>langlebige Haltbarkeit und reibungslose Drehungen<\/strong>bietet. Die <strong>dicke PVC-Kabelkonstruktion<\/strong> Sichert Flexibilit\u00e4t und Ausdauer, w\u00e4hrend ergonomische rutschfeste Griffe einen bequemen Halt w\u00e4hrend intensiver Workouts bieten. Diese Qualit\u00e4tsorientierung bedeutet, dass Sie ein Springseil erhalten, das langlebig ist, egal wie oft oder intensiv Sie trainieren.<\/p>\n<h3>Wettbewerbsf\u00e4hige Preise und Gro\u00dfbestellungen<\/h3>\n<p>Egal ob Sie ein Heimfitnessstudio einrichten oder ein Fitnesscenter beliefern, bietet PVCJumpRope.com <strong>Wettbewerbsf\u00e4hige Preise<\/strong> ohne Kompromisse bei der Qualit\u00e4t. Wir bieten <strong>Gro\u00dfbestelloptionen<\/strong> ma\u00dfgeschneidert f\u00fcr Fitnessstudios, CrossFit-Boxen und H\u00e4ndler, was es einfacher und g\u00fcnstiger macht, vertrauensw\u00fcrdige Trainingsausr\u00fcstung aufzustocken.<\/p>\n<h3>Hervorragender Kundensupport und Garantie<\/h3>\n<p>PVCJumpRope.com steht hinter jedem Springseil mit <strong>ausgezeichneter Kundenbetreuung<\/strong> und einer unkomplizierten <strong>Garantiepolitik<\/strong>. Wenn Sie Fragen oder Bedenken haben, ist unser Support-Team bereit, Ihnen zu helfen, damit Ihre Investition gesch\u00fctzt bleibt und Ihre Fitnessziele auf Kurs bleiben. F\u00fcr vollst\u00e4ndige Details zu Garantie und R\u00fcckgaben besuchen Sie bitte unsere <a href=\"https:\/\/pvcjumprope.com\/de\/warranty-refunds\/\">Garantie- und R\u00fcckerstattungsseite<\/a>.<\/p>\n<p>Mit PVCJumpRope.com erhalten Sie nicht nur ein Springseil \u2013 Sie bekommen einen <strong>vertrauensw\u00fcrdigen Fitnesspartner<\/strong> der f\u00fcr konstante Leistung, Komfort und Langlebigkeit entwickelt wurde.<\/p>\n<p>F\u00fcr weitere Informationen zu unseren Herstellungsstandards besuchen Sie bitte unsere <a href=\"https:\/\/pvcjumprope.com\/de\/quality-control\/\">Qualit\u00e4tskontrollseite<\/a>.<\/p>\n<h2>Kundenbewertungen 5mm PVC Springseil<\/h2>\n<h3>Echtes Nutzerfeedback zur Haltbarkeit und Leistung<\/h3>\n<p>Kunden in Deutschland loben konsequent die <strong>PVCJumpRope.com 5mm PVC-Springseil<\/strong> f\u00fcr ihre <strong>lang anhaltende Haltbarkeit<\/strong> und zuverl\u00e4ssige Leistung. Viele heben hervor, wie die <strong>dickes PVC-Kabel<\/strong> auch bei t\u00e4glichem Gebrauch gut standh\u00e4lt, was es zu einem Favoriten f\u00fcr diejenigen macht, die ihre Cardio- und Trainingseinheiten verbessern m\u00f6chten.<\/p>\n<h3>Wichtige Vorteile, die Nutzer teilen<\/h3>\n<ul>\n<li><strong>Langlebigkeit<\/strong>: Nutzer berichten, dass das Seil dem Ausfransen und Rei\u00dfen widersteht, dank des hochwertigen PVC-Materials und der Qualit\u00e4tsfertigung.<\/li>\n<li><strong>Sanfte Geschwindigkeit und Kontrolle<\/strong>: Viele finden den Durchmesser von 5 mm perfekt f\u00fcr kontrollierte, schnelle Drehungen, die f\u00fcr <strong>CrossFit und Geschwindigkeitstraining<\/strong>.<\/li>\n<li><strong>angemessen sind.<\/strong>Bequemer Griff<\/li>\n<li><strong>: Die ergonomisch gestalteten, rutschfesten Griffe werden gelobt, weil sie die H\u00e4nde w\u00e4hrend intensiver Workouts stabil halten, selbst beim Schwitzen.<\/strong>Verstellbarkeit<\/li>\n<li><strong>Portabilit\u00e4t<\/strong>: Kunden sch\u00e4tzen die einfache Anpassung der Seill\u00e4nge an ihre K\u00f6rpergr\u00f6\u00dfe, was es vielseitig f\u00fcr verschiedene Nutzer und Trainingsstile macht.<\/li>\n<\/ul>\n<h3>: Mehrere Nutzer erw\u00e4hnen, wie einfach es ist, das Seil ins Fitnessstudio, den Park oder unterwegs mitzunehmen, ohne sich Sorgen um Besch\u00e4digungen zu machen.<\/h3>\n<p>Was Fitnessbegeisterte sagen<\/p>\n<h2>Ein erfahrener Fitnesstrainer teilte mit: \u201eIch habe viele Seile durchlaufen, aber das PVC-Sprungseil von PVCJumpRope.com \u00fcberzeugt durch sein Gleichgewicht zwischen Geschwindigkeit und Robustheit. Es f\u00fchlt sich gro\u00dfartig in der Hand an und h\u00e4lt l\u00e4nger, als ich erwartet hatte.\u201c Ein weiterer gelegentlicher Nutzer bemerkte: \u201ePerfekt f\u00fcr Heimtrainings, super einfach anzupassen und keine Sorgen wegen Abnutzung.\u201c<\/h2>\n<p><img decoding=\"async\" src=\"https:\/\/pvcjumprope.com\/wp-content\/uploads\/2025\/07\/Jump_Rope_Use_Adjustment_Cleaning_Guide_t6E.webp\" alt=\"Springseil-Nutzungsanpassung Reinigungsanleitung\" \/><\/p>\n<h3>L\u00e4nge f\u00fcr die beste Passform einstellen<\/h3>\n<p>Um das Beste aus Ihrem <strong>5mm PVC Springseil<\/strong>, beginnen Sie damit, die L\u00e4nge an Ihre K\u00f6rpergr\u00f6\u00dfe anzupassen:<\/p>\n<ul>\n<li>Halten Sie die Griffe und stellen Sie sich mit einem Fu\u00df in die Mitte des Seils.<\/li>\n<li>Ziehen Sie die Griffe entlang Ihrer Seiten nach oben \u2013 idealerweise sollten sie knapp unter Ihren Achseln erreichen.<\/li>\n<li>Wenn das Seil zu lang ist, \u00f6ffnen Sie die Griffe, um das Kabel zu lockern, ziehen Sie \u00fcbersch\u00fcssige L\u00e4nge heraus oder schneiden Sie es bei Bedarf vorsichtig ab.<\/li>\n<li>Sichern Sie das Seil wieder fest im Griff, um ein Abrutschen w\u00e4hrend des Gebrauchs zu vermeiden.<\/li>\n<\/ul>\n<h3>Richtige Sprungseil-Techniken f\u00fcr effektives Training<\/h3>\n<p>Die richtige Haltung hilft Ihnen, die Vorteile Ihres <strong>robustes PVC-Kabel-Sprungseil<\/strong> zu maximieren, w\u00e4hrend das Verletzungsrisiko reduziert wird:<\/p>\n<ul>\n<li>Halten Sie die Ellbogen nah am K\u00f6rper und die Handgelenke entspannt, um die Seilgeschwindigkeit zu kontrollieren.<\/li>\n<li>Springen Sie auf den Fu\u00dfballen, die Knie leicht gebeugt.<\/li>\n<li>Landung sanft, um die Belastung der Gelenke zu verringern.<\/li>\n<li>Zielen Sie auf gleichm\u00e4\u00dfige, kontinuierliche Drehungen; vermeiden Sie ruckartige oder aggressive Bewegungen.<\/li>\n<li>\u00dcben Sie Intervalle mit Hochgeschwindigkeits-Spr\u00fcngen und kurzen Pausen, um Ausdauer und Koordination zu verbessern.<\/li>\n<\/ul>\n<h3>Reinigung und Aufbewahrung Ihres PVC-beschichteten Springseils<\/h3>\n<p>Die Pflege Ihres <strong>5mm PVC-Springseils<\/strong> wird daf\u00fcr sorgen, dass es l\u00e4nger h\u00e4lt und gut funktioniert:<\/p>\n<ul>\n<li>Wischen Sie das Kabel und die Griffe regelm\u00e4\u00dfig mit einem feuchten Tuch ab, um Schwei\u00df und Schmutz zu entfernen.<\/li>\n<li>Vermeiden Sie es, das Seil ins Wasser zu tauchen oder aggressive Chemikalien zu verwenden, die das PVC-Material besch\u00e4digen k\u00f6nnen.<\/li>\n<li>Lagern Sie das Seil locker aufgerollt an einem trockenen, k\u00fchlen Ort, fern von scharfen Gegenst\u00e4nden oder direkter Sonneneinstrahlung.<\/li>\n<li>H\u00e4ngen Sie das Seil nicht am Kabel selbst auf, um Dehnung oder Verformung zu vermeiden.<\/li>\n<\/ul>\n<p><strong>Wenn Sie diese einfachen Schritte befolgen, bleibt Ihr PVCJumpRope.com 5mm PVC-Springseil zuverl\u00e4ssig f\u00fcr all Ihre Cardio-, CrossFit- und Fitnesstrainingseinheiten.<\/strong><\/p>\n<h2>H\u00e4ufig gestellte Fragen zum 5mm PVC-Springseil<\/h2>\n<p><img decoding=\"async\" src=\"https:\/\/pvcjumprope.com\/wp-content\/uploads\/2025\/07\/5mm_PVC_Jump_Rope_FAQs_and_Usage_Guide_UTP.webp\" alt=\"FAQs und Gebrauchsanleitung f\u00fcr 5mm PVC-Springseile\" \/><\/p>\n<h3>Ist das 5mm PVC-Springseil f\u00fcr Anf\u00e4nger geeignet<\/h3>\n<p><strong>Ja<\/strong>, das 5mm PVC-Springseil ist perfekt f\u00fcr Anf\u00e4nger. Sein ausgewogenes Gewicht und das flexible PVC-Kabel machen es einfach zu kontrollieren und Rhythmus zu entwickeln. Die verstellbare L\u00e4ngenfunktion hilft Anf\u00e4ngern, das Seil auf ihre ideale Gr\u00f6\u00dfe einzustellen, was reibungslose und effektive Workouts von Anfang an gew\u00e4hrleistet.<\/p>\n<h3>Wie w\u00e4hle ich die richtige L\u00e4nge f\u00fcr mein PVC-beschichtetes Springseil<\/h3>\n<p>Die richtige L\u00e4nge ist einfach:<\/p>\n<ul>\n<li>Stellen Sie sich mit einem Fu\u00df in die Mitte des Seils<\/li>\n<li>Ziehen Sie die Griffe gerade nach oben entlang Ihrer Seiten<\/li>\n<li>Der obere Rand des Griffs sollte ungef\u00e4hr auf H\u00f6he Ihrer Achselh\u00f6hlen liegen, um beste Ergebnisse zu erzielen<br \/>\nUnser <strong>verstellbares PVC-Sprungseil mit L\u00e4nge<\/strong> erm\u00f6glicht es Ihnen, die Gr\u00f6\u00dfe einfach anzupassen. Dies sorgt f\u00fcr bessere Geschwindigkeit, weniger Stolpergefahr und bequemeres Training.<\/li>\n<\/ul>\n<h3>Was macht das 5mm PVC-Material besser als andere Materialien<\/h3>\n<p>Das dicke 5mm PVC-Kabel bietet eine hervorragende Balance zwischen <strong>Geschwindigkeit und Haltbarkeit<\/strong>. Im Vergleich zu d\u00fcnneren Seilen ist es robust genug, um rauen Oberfl\u00e4chen standzuhalten, ohne schnell abzunutzen. Im Gegensatz zu Stoff- oder Perlen-Seilen ist das <strong>PVC-beschichtete Springseil<\/strong> Bietet sanfte Drehungen, minimale Reibung und gro\u00dfe Flexibilit\u00e4t. Das macht es ideal f\u00fcr intensives Cardio, CrossFit und Schnelligkeitstraining.<\/p>\n<h3>Kann das strapazierf\u00e4hige PVC-Springseil von PVCJumpRope.com im Freien verwendet werden?<\/h3>\n<p>Absolut. Das <strong>robustes PVC-Kabel-Sprungseil<\/strong> ist wetterbest\u00e4ndig und widerstandsf\u00e4hig auf rauen Au\u00dfenfl\u00e4chen wie Pflaster oder Asphalt. Sein Design erh\u00e4lt die Leistung ohne Ausfransen oder Besch\u00e4digungen, sodass Sie Ihr Training jederzeit bedenkenlos nach drau\u00dfen verlegen k\u00f6nnen.<\/p>\n<h3>Was sind die Garantie- und R\u00fcckgabebedingungen f\u00fcr das 5-mm-PVC-Springseil von PVCJumpRope.com?<\/h3>\n<p>Wir stehen mit einer <strong>Zufriedenheitsgarantie und Gew\u00e4hrleistung<\/strong>hinter unserer Produktqualit\u00e4t. Wenn Sie innerhalb der Garantiezeit Herstellungsfehler oder Probleme feststellen, bietet PVCJumpRope.com problemlose R\u00fcckgaben oder Ersatzlieferungen an. Bitte \u00fcberpr\u00fcfen Sie die spezifischen Garantiebedingungen beim Kauf oder wenden Sie sich an den Kundendienst, um Unterst\u00fctzung zu erhalten.<\/p>\n<p>Die Wahl des richtigen <strong>5mm PVC-Springseils<\/strong> bedeutet bessere Workouts und eine l\u00e4ngere Lebensdauer der Ausr\u00fcstung. Unsere FAQs decken alle Grundlagen ab, damit Sie loslegen und Ihre Fitnessziele erreichen k\u00f6nnen.<\/p>\n<h2>Kaufen Sie noch heute Ihr 5-mm-PVC-Springseil von PVCJumpRope.com<\/h2>\n<p>Sind Sie bereit, Ihr Cardio- oder CrossFit-Training zu verbessern? <strong>Holen Sie sich jetzt Ihr 5-mm-PVC-Springseil von PVCJumpRope.com<\/strong> mit unserem einfachen <strong>Jetzt kaufen<\/strong> Button. Egal, ob Sie f\u00fcr sich selbst einkaufen oder ein ganzes Fitnessstudio ausstatten, wir haben flexible Optionen, die Ihren Bed\u00fcrfnissen entsprechen.<\/p>\n<h3>Mengenrabatte<\/h3>\n<ul>\n<li>Sparen Sie mehr beim Gro\u00dfeinkauf \u2013 perfekt f\u00fcr Fitnesscenter, Trainer und Einzelh\u00e4ndler.<\/li>\n<li>Sonderpreise f\u00fcr Bestellungen ab 10 Springseilen.<\/li>\n<li>Kontaktieren Sie uns f\u00fcr individuelle Angebote und OEM\/ODM-Dienstleistungen.<\/li>\n<\/ul>\n<h3>Verwandtes Fitness-Equipment, um dein Training zu vervollst\u00e4ndigen<\/h3>\n<p>Sieh dir diese Produkte an, die dazu entwickelt wurden, dein neues Springseil zu erg\u00e4nzen:<\/p>\n<ul>\n<li><strong>Ergonomische Springseilgriffe<\/strong> f\u00fcr verbesserten Griff und Komfort.<\/li>\n<li><strong>Trainingsmatten<\/strong> zum Schutz des Bodens und f\u00fcr eine stabile Oberfl\u00e4che.<\/li>\n<li><strong>Schnellseile und gewichtete Seile<\/strong> um dein Training zu variieren.<\/li>\n<li><strong>Fitnesszubeh\u00f6r<\/strong> wie Widerstandsb\u00e4nder und Schaumstoffrollen.<\/li>\n<\/ul>\n<p>Einkaufen bei PVCJumpRope.com bedeutet, dass du nicht nur <strong>hochwertige 5mm PVC-Springseile<\/strong> bekommst, sondern auch einen vertrauensw\u00fcrdigen Partner f\u00fcr deine Fitnessreise. Klicke <strong>Jetzt kaufen<\/strong> und spring rein!<\/p>","protected":false},"excerpt":{"rendered":"<p>Langleines 5 mm PVC-Sprungseil mit ergonomischen Griffen, verstellbare L\u00e4nge, perfekt f\u00fcr Cardio-, Crossfit- und Fitness-Workouts von PVCJumpRope.com<\/p>","protected":false},"featured_media":1033,"comment_status":"open","ping_status":"closed","template":"","meta":{"site-sidebar-layout":"default","site-content-layout":"","ast-site-content-layout":"default","site-content-style":"default","site-sidebar-style":"default","ast-global-header-display":"","ast-banner-title-visibility":"","ast-main-header-display":"","ast-hfb-above-header-display":"","ast-hfb-below-header-display":"","ast-hfb-mobile-header-display":"","site-post-title":"","ast-breadcrumbs-content":"","ast-featured-img":"","footer-sml-layout":"","theme-transparent-header-meta":"default","adv-header-id-meta":"","stick-header-meta":"","header-above-stick-meta":"","header-main-stick-meta":"","header-below-stick-meta":"","astra-migrate-meta-layouts":"set","ast-page-background-enabled":"default","ast-page-background-meta":{"desktop":{"background-color":"var(--ast-global-color-5)","background-image":"","background-repeat":"repeat","background-position":"center center","background-size":"auto","background-attachment":"scroll","background-type":"","background-media":"","overlay-type":"","overlay-color":"","overlay-opacity":"","overlay-gradient":""},"tablet":{"background-color":"","background-image":"","background-repeat":"repeat","background-position":"center center","background-size":"auto","background-attachment":"scroll","background-type":"","background-media":"","overlay-type":"","overlay-color":"","overlay-opacity":"","overlay-gradient":""},"mobile":{"background-color":"","background-image":"","background-repeat":"repeat","background-position":"center center","background-size":"auto","background-attachment":"scroll","background-type":"","background-media":"","overlay-type":"","overlay-color":"","overlay-opacity":"","overlay-gradient":""}},"ast-content-background-meta":{"desktop":{"background-color":"var(--ast-global-color-4)","background-image":"","background-repeat":"repeat","background-position":"center center","background-size":"auto","background-attachment":"scroll","background-type":"","background-media":"","overlay-type":"","overlay-color":"","overlay-opacity":"","overlay-gradient":""},"tablet":{"background-color":"var(--ast-global-color-4)","background-image":"","background-repeat":"repeat","background-position":"center center","background-size":"auto","background-attachment":"scroll","background-type":"","background-media":"","overlay-type":"","overlay-color":"","overlay-opacity":"","overlay-gradient":""},"mobile":{"background-color":"var(--ast-global-color-4)","background-image":"","background-repeat":"repeat","background-position":"center center","background-size":"auto","background-attachment":"scroll","background-type":"","background-media":"","overlay-type":"","overlay-color":"","overlay-opacity":"","overlay-gradient":""}}},"product_brand":[],"product_cat":[24],"product_tag":[26],"class_list":{"0":"post-1031","1":"product","2":"type-product","3":"status-publish","4":"has-post-thumbnail","6":"product_cat-pvc-jump-rope","7":"product_tag-adjustable-pvc-jump-rope","8":"desktop-align-left","9":"tablet-align-left","10":"mobile-align-left","12":"first","13":"instock","14":"shipping-taxable","15":"purchasable","16":"product-type-simple"},"_links":{"self":[{"href":"https:\/\/pvcjumprope.com\/de\/wp-json\/wp\/v2\/product\/1031","targetHints":{"allow":["GET"]}}],"collection":[{"href":"https:\/\/pvcjumprope.com\/de\/wp-json\/wp\/v2\/product"}],"about":[{"href":"https:\/\/pvcjumprope.com\/de\/wp-json\/wp\/v2\/types\/product"}],"replies":[{"embeddable":true,"href":"https:\/\/pvcjumprope.com\/de\/wp-json\/wp\/v2\/comments?post=1031"}],"wp:featuredmedia":[{"embeddable":true,"href":"https:\/\/pvcjumprope.com\/de\/wp-json\/wp\/v2\/media\/1033"}],"wp:attachment":[{"href":"https:\/\/pvcjumprope.com\/de\/wp-json\/wp\/v2\/media?parent=1031"}],"wp:term":[{"taxonomy":"product_brand","embeddable":true,"href":"https:\/\/pvcjumprope.com\/de\/wp-json\/wp\/v2\/product_brand?post=1031"},{"taxonomy":"product_cat","embeddable":true,"href":"https:\/\/pvcjumprope.com\/de\/wp-json\/wp\/v2\/product_cat?post=1031"},{"taxonomy":"product_tag","embeddable":true,"href":"https:\/\/pvcjumprope.com\/de\/wp-json\/wp\/v2\/product_tag?post=1031"}],"curies":[{"name":"wp","href":"https:\/\/api.w.org\/{rel}","templated":true}]}}